{"id":1368,"date":"2019-10-13T20:03:50","date_gmt":"2019-10-13T18:03:50","guid":{"rendered":"http:\/\/hallaryd.se\/?page_id=1368"},"modified":"2019-10-13T20:03:50","modified_gmt":"2019-10-13T18:03:50","slug":"dalstorp","status":"publish","type":"page","link":"https:\/\/hallaryd.se\/?page_id=1368","title":{"rendered":"Dalstorp"},"content":{"rendered":"<h5 align=\"center\"><b>Dalstorp<\/b><\/h5>\n<h5>W\u00e4gla V\u00e4streg\u00e5rd( nu V\u00e4gla 2:3)<\/h5>\n<h5>Bebott: minst 1886-1922<\/h5>\n<h5>1854-1855: Daniel Svensson f\u00f6dd 21\/1 1811 i Hallaryd, hustru Sissa Trulsdotter f\u00f6dd 19\/1 1821 i Hallaryd, o\u00e4kta dottern Pernilla Nilsdotter f\u00f6dd 8\/8 1844 i Markaryd, sonen Sven f\u00f6dd 5\/3 1851 i Hallaryd, dotter Svenborg f\u00f6dd 8\/10 1853 i Hallaryd (fam. kom fr\u00e5n Kringelholma 1854, st\u00e5r som l\u00f6sdrivare 1855, flyttar till Danielsboda under Hallaryds pr\u00e4stg\u00e5rd 1858)<\/h5>\n<h5><\/h5>\n<h5>1886-1895: Sven Andersson, tr\u00e4skomakare, f\u00f6dd 15\/12 1842 i Hallaryd, gift 1:a g\u00e5ng och blev \u00e4nkeman 28\/1 1885, omgift 22\/10 1886 med Gustava Andersdotter fr\u00e5n Markaryd, f\u00f6dd 10\/1 1850. Sven inflyttad fr\u00e5n Nytorp i Sjuhult \u00e5r 1886<\/h5>\n<h5>1896-1905: Sven Andersson, tr\u00e4skomakare, f\u00f6dd 15\/12 1842 i Hallaryd, gift 1:a g\u00e5ng och blev \u00e4nkeman 28\/1 1885, omgift 22\/10 1886 med Gustava Andersdotter fr\u00e5n Markaryd, f\u00f6dd 10\/1 1850. Svens barn Martin f\u00f6dd 7\/10 1875 i Hallaryd (\u00f6verf\u00f6rd till boken om obefintliga 1901) och Emma f\u00f6dd 23\/8 1883 i Hallaryd. B\u00e5das dotter Annie f\u00f6dd 13\/11 1886 i Hallaryd, b\u00e5das son Albert f\u00f6dd 10\/11 1889 i Hallaryd. Albert d\u00f6r 5\/4 1906.<\/h5>\n<h5>1906-1916: Sven Andersson, tr\u00e4skomakare, f\u00f6dd 15\/12 1842 i Hallaryd, gift 1:a g\u00e5ng och blev \u00e4nkeman 28\/1 1885, omgift 22\/10 1886 med Gustava Andersdotter fr\u00e5n Markaryd. B\u00e5das dotter Annie f\u00f6dd 13\/11 1886 i Hallaryd, b\u00e5das son Albert f\u00f6dd 10\/11 1889 i Hallaryd. Albert d\u00f6r 5\/4 1906.<\/h5>\n<h5>Annie har tv\u00e5 (o.\u00e4) barn Ernst Artur f\u00f6dd 20\/4 1910 i Stoby (L) och Ellen Gunborg f\u00f6dd 6\/2 1912 i Hallaryd. Annie och barnen flyttar till Stoby 7\/9 1914. Sven Andersson d\u00f6r 9\/11 1910. D\u00f6dsorsak: magsjukdom<\/h5>\n<h5>Janne Svensson f\u00f6dd 7\/9 1877 i Markaryd flyttar till Dalstorp 17\/9 1911.<\/h5>\n<h5>1917-1935: Gustafva Andersson f. Andersdotter, toffelmakar\u00e4nka, f\u00f6dd 10\/1 1850 i Markaryd, d\u00f6d 12\/9 1922<\/h5>\n<h5>Svens son Martin Svensson, skr\u00e4ddarges\u00e4ll, f\u00f6dd 7\/9 1877 i Hallaryd, flyttar till Hvellinge 2\/5 1919 \u00a0(Obef. B sid 5 26\/4 1919)<\/h5>\n<h5>Janne Svensson (se ovan), flyttar till G\u00f6teryd 27\/8 1917<\/h5>\n<h5>GPS: N56.492038\u00a0\u00a0\u00a0 E13.816225<\/h5>\n<h5>K\u00e4lla: Hallaryd f\u00f6rsaml. bok A II\/2 1906-1916 sid 351<\/h5>\n","protected":false},"excerpt":{"rendered":"<p>Dalstorp W\u00e4gla V\u00e4streg\u00e5rd( nu V\u00e4gla 2:3) Bebott: minst 1886-1922 1854-1855: Daniel Svensson f\u00f6dd 21\/1 1811 i Hallaryd, hustru Sissa Trulsdotter f\u00f6dd 19\/1 1821 i Hallaryd, o\u00e4kta dottern Pernilla Nilsdotter f\u00f6dd 8\/8 1844 i Markaryd, sonen Sven f\u00f6dd 5\/3 1851 i &hellip; <a href=\"https:\/\/hallaryd.se\/?page_id=1368\">Continue reading <span class=\"meta-nav\">&rarr;<\/span><\/a><\/p>\n","protected":false},"author":12,"featured_media":0,"parent":0,"menu_order":0,"comment_status":"closed","ping_status":"closed","template":"","meta":{"footnotes":""},"class_list":["post-1368","page","type-page","status-publish","hentry"],"_links":{"self":[{"href":"https:\/\/hallaryd.se\/index.php?rest_route=\/wp\/v2\/pages\/1368","targetHints":{"allow":["GET"]}}],"collection":[{"href":"https:\/\/hallaryd.se\/index.php?rest_route=\/wp\/v2\/pages"}],"about":[{"href":"https:\/\/hallaryd.se\/index.php?rest_route=\/wp\/v2\/types\/page"}],"author":[{"embeddable":true,"href":"https:\/\/hallaryd.se\/index.php?rest_route=\/wp\/v2\/users\/12"}],"replies":[{"embeddable":true,"href":"https:\/\/hallaryd.se\/index.php?rest_route=%2Fwp%2Fv2%2Fcomments&post=1368"}],"version-history":[{"count":1,"href":"https:\/\/hallaryd.se\/index.php?rest_route=\/wp\/v2\/pages\/1368\/revisions"}],"predecessor-version":[{"id":1369,"href":"https:\/\/hallaryd.se\/index.php?rest_route=\/wp\/v2\/pages\/1368\/revisions\/1369"}],"wp:attachment":[{"href":"https:\/\/hallaryd.se\/index.php?rest_route=%2Fwp%2Fv2%2Fmedia&parent=1368"}],"curies":[{"name":"wp","href":"https:\/\/api.w.org\/{rel}","templated":true}]}}