{"id":1365,"date":"2019-10-13T19:34:54","date_gmt":"2019-10-13T17:34:54","guid":{"rendered":"http:\/\/hallaryd.se\/?page_id=1365"},"modified":"2019-10-13T19:34:54","modified_gmt":"2019-10-13T17:34:54","slug":"kristinelund","status":"publish","type":"page","link":"https:\/\/hallaryd.se\/?page_id=1365","title":{"rendered":"Kristinelund"},"content":{"rendered":"<h5><a href=\"http:\/\/hallaryd.se\/wp-content\/uploads\/2019\/10\/Kristinelund4.jpg\"><img loading=\"lazy\" decoding=\"async\" class=\"alignnone size-large wp-image-1366\" alt=\"Kristinelund4\" src=\"http:\/\/hallaryd.se\/wp-content\/uploads\/2019\/10\/Kristinelund4-768x1024.jpg\" width=\"584\" height=\"778\" srcset=\"https:\/\/hallaryd.se\/wp-content\/uploads\/2019\/10\/Kristinelund4-768x1024.jpg 768w, https:\/\/hallaryd.se\/wp-content\/uploads\/2019\/10\/Kristinelund4-225x300.jpg 225w\" sizes=\"auto, (max-width: 584px) 100vw, 584px\" \/><\/a><\/h5>\n<h5 align=\"center\"><b>Kristinelund<\/b><\/h5>\n<h5>Under \u00d6rnaholma 1:1<\/h5>\n<h5>Bebott:1851 -1920<\/h5>\n<h5>1851-1859: Avskedade grenadj\u00e4ren. Swen Ryd, f. 11\/3 1793 i Annerstad,<\/h5>\n<h5>h.h. Elin M\u00e5nsdotter f. 1789 i Pjetteryd, d\u00f6d 6\/12 1857.<\/h5>\n<h5><\/h5>\n<h5>1859:\u00a0\u00a0\u00a0\u00a0\u00a0\u00a0\u00a0 Lars Andersson, f. 1825 i Hallaryd,<\/h5>\n<h5>\u00a0h.h. Marta Stina Swensdotter f 1825 i G\u00f6theryd, 2 barn<\/h5>\n<h5>1870-74: \u00a0 F.d. art.Jacob Landin f 1828 i G\u00f6theryd, flyttar 1874 till Rydadal<\/h5>\n<h5>\u00a0\u00a0\u00a0\u00a0\u00a0\u00a0\u00a0\u00a0\u00a0\u00a0\u00a0\u00a0\u00a0\u00a0\u00a0\u00a0 h.h. Maria Isaksdotter f 1833 i Hallaryd, 2 barn<\/h5>\n<h5><\/h5>\n<h5>1886-1891: Anders Mattsson f 5\/5 1829 i Bergunda,<\/h5>\n<h5>\u00a0h.h. Sissa Larsdotter f 20\/9 1841 i Ousby, 6 barn<\/h5>\n<h5><\/h5>\n<h5>1891-\u00a0\u00a0\u00a0\u00a0\u00a0\u00a0\u00a0 Olof Bengtsson f 1857 i Loushult, h.h. Johanna Lovisa Wahlgren f 1869 i G\u00f6teryd, Dotter Anna Teresia f 28\/12 1892<\/h5>\n<h5><\/h5>\n<h5>1896-1898: Olof Bengtsson avlider 1898, Johanna Valgren, dottern Annie Teresia f 1892 och sonen Hjalmar f 1896. Familjen flyttar till G\u00f6teryd 1898.<\/h5>\n<h5><\/h5>\n<h5>1898-\u00a0\u00a0\u00a0\u00a0\u00a0\u00a0\u00a0 Johan Andreasson Strand, f.d. soldat, f. 25\/9 1870 i Hallaryd<\/h5>\n<h5>\u00a0\u00a0\u00a0\u00a0\u00a0\u00a0\u00a0\u00a0\u00a0\u00a0\u00a0\u00a0\u00a0\u00a0\u00a0\u00a0 h.h. Ingrid Andreasdotter f. 20\/5 1856 i Wisseltofta<\/h5>\n<h5>\u00a0\u00a0\u00a0\u00a0\u00a0\u00a0\u00a0\u00a0\u00a0\u00a0\u00a0\u00a0\u00a0\u00a0\u00a0\u00a0 (kom fr\u00e5n Skogsboda Sk\u00e5paryd 1896, sedan till Gylskulla, Linnefalla 1901 och flyttar sedan till Elmhult)<\/h5>\n<h5><\/h5>\n<h5>1906-1916: Hanna Danielsdotter (inhyses) f\u00f6dd 7 sept. 1862 i Hallaryd<\/h5>\n<h5>1917-1920: Hanna D flyttar till Str\u00f6msdal, Hallaryd Ng, (Groots), 1920. Avlider 1924<\/h5>\n<h5><\/h5>\n<h5>GPS: N56.497762 E13.944174, enl. karta ca 400m \u00f6ster om Tostesj\u00f6n o 50 m fr\u00e5n gr\u00e4nsen mot \u00d6rsn\u00e4s.<\/h5>\n<h5>K\u00e4lla: AI\/15, 1849-51,sid186; AI\/16,1852-, sid 212;AII\/1 1896-1905, sid 367; AII\/2, 1906-1916, sid 363; AII\/3,1917- 1935, sid 375;<b><\/b><\/h5>\n","protected":false},"excerpt":{"rendered":"<p>Kristinelund Under \u00d6rnaholma 1:1 Bebott:1851 -1920 1851-1859: Avskedade grenadj\u00e4ren. Swen Ryd, f. 11\/3 1793 i Annerstad, h.h. Elin M\u00e5nsdotter f. 1789 i Pjetteryd, d\u00f6d 6\/12 1857. 1859:\u00a0\u00a0\u00a0\u00a0\u00a0\u00a0\u00a0 Lars Andersson, f. 1825 i Hallaryd, \u00a0h.h. Marta Stina Swensdotter f 1825 i &hellip; <a href=\"https:\/\/hallaryd.se\/?page_id=1365\">Continue reading <span class=\"meta-nav\">&rarr;<\/span><\/a><\/p>\n","protected":false},"author":12,"featured_media":0,"parent":0,"menu_order":0,"comment_status":"closed","ping_status":"closed","template":"","meta":{"footnotes":""},"class_list":["post-1365","page","type-page","status-publish","hentry"],"_links":{"self":[{"href":"https:\/\/hallaryd.se\/index.php?rest_route=\/wp\/v2\/pages\/1365","targetHints":{"allow":["GET"]}}],"collection":[{"href":"https:\/\/hallaryd.se\/index.php?rest_route=\/wp\/v2\/pages"}],"about":[{"href":"https:\/\/hallaryd.se\/index.php?rest_route=\/wp\/v2\/types\/page"}],"author":[{"embeddable":true,"href":"https:\/\/hallaryd.se\/index.php?rest_route=\/wp\/v2\/users\/12"}],"replies":[{"embeddable":true,"href":"https:\/\/hallaryd.se\/index.php?rest_route=%2Fwp%2Fv2%2Fcomments&post=1365"}],"version-history":[{"count":1,"href":"https:\/\/hallaryd.se\/index.php?rest_route=\/wp\/v2\/pages\/1365\/revisions"}],"predecessor-version":[{"id":1367,"href":"https:\/\/hallaryd.se\/index.php?rest_route=\/wp\/v2\/pages\/1365\/revisions\/1367"}],"wp:attachment":[{"href":"https:\/\/hallaryd.se\/index.php?rest_route=%2Fwp%2Fv2%2Fmedia&parent=1365"}],"curies":[{"name":"wp","href":"https:\/\/api.w.org\/{rel}","templated":true}]}}