{"id":1362,"date":"2019-10-13T19:29:46","date_gmt":"2019-10-13T17:29:46","guid":{"rendered":"http:\/\/hallaryd.se\/?page_id=1362"},"modified":"2019-10-13T19:29:46","modified_gmt":"2019-10-13T17:29:46","slug":"gustafsberg","status":"publish","type":"page","link":"https:\/\/hallaryd.se\/?page_id=1362","title":{"rendered":"Gustafsberg"},"content":{"rendered":"<h5><a href=\"http:\/\/hallaryd.se\/wp-content\/uploads\/2019\/10\/Gustafsberg-\u00d6rna3.jpg\"><img loading=\"lazy\" decoding=\"async\" class=\"alignnone size-large wp-image-1363\" alt=\"Gustafsberg \u00d6rna3\" src=\"http:\/\/hallaryd.se\/wp-content\/uploads\/2019\/10\/Gustafsberg-\u00d6rna3-768x1024.jpg\" width=\"584\" height=\"778\" srcset=\"https:\/\/hallaryd.se\/wp-content\/uploads\/2019\/10\/Gustafsberg-\u00d6rna3-768x1024.jpg 768w, https:\/\/hallaryd.se\/wp-content\/uploads\/2019\/10\/Gustafsberg-\u00d6rna3-225x300.jpg 225w\" sizes=\"auto, (max-width: 584px) 100vw, 584px\" \/><\/a><\/h5>\n<h5>Gustafsberg F\u00e4hus<\/h5>\n<h5 align=\"center\"><b>Gustafsberg<\/b><\/h5>\n<h5>Under \u00d6rnaholma 1:1<\/h5>\n<h5>Bebott: 1851 -1906<\/h5>\n<h5>1851-1855: Johannes Gustafsson f 1800 i Voxtorp, h.h. Christina J\u00f6nsdotter f 1810 i G\u00f6theryd, dotter Gustafva f. 1845 i G\u00f6theryd<\/h5>\n<h5><\/h5>\n<h5>1855-1895: Anders Mathisson f 6\/8 1817 i Hallaryd, d\u00f6r 13\/10 1890.<\/h5>\n<h5>\u00a0\u00a0\u00a0\u00a0\u00a0\u00a0\u00a0\u00a0\u00a0\u00a0\u00a0\u00a0\u00a0\u00a0\u00a0\u00a0 h.h. Sara Christensdotter f 6\/10 1823 i Hallaryd, 6 barn<\/h5>\n<h5>\u00a0\u00a0\u00a0\u00a0\u00a0\u00a0\u00a0\u00a0\u00a0\u00a0\u00a0\u00a0\u00a0\u00a0\u00a0\u00a0 dotter Hanna f 22\/2 1864, hennes son Anton Augustsson f 19\/9 1886<\/h5>\n<h5>\u00a0\u00a0\u00a0\u00a0\u00a0\u00a0\u00a0\u00a0\u00a0\u00a0\u00a0\u00a0\u00a0\u00a0\u00a0\u00a0 \u201ddr\u00e4ngen August Johannesson i Linnefalla har skriftligt erk\u00e4nt sig som fader enligt ett kontrakt 29\/4 1887\u201d<\/h5>\n<h5>\u00a0\u00a0\u00a0\u00a0\u00a0\u00a0\u00a0\u00a0\u00a0\u00a0\u00a0\u00a0\u00a0\u00a0\u00a0\u00a0 dotter Mathilda Andersdotter f 8\/11 1861, gifter sig i Loshult 1895.<\/h5>\n<h5><\/h5>\n<h5>1896-1905: Sara Christensdotter 1823, avlider 1896,<\/h5>\n<h5>dottern Hanna Andersdotter 1864 och hennes son Anton Augustsson<\/h5>\n<h5><\/h5>\n<h5>1906:\u00a0\u00a0\u00a0\u00a0\u00a0\u00a0\u00a0 Hanna Andersdotter (inhyses) f\u00f6dd 22 febr 1864 i Hallaryd, sonen Anton Augustsson, f\u00f6dd 19 sept. 1886 i Hallaryd. Mor och son flyttade till Torp Rydadal i \u00d6rsn\u00e4s 1906.<\/h5>\n<h5><\/h5>\n<h5>Anm: Det finns flera ruiner l\u00e4ngs med gr\u00e4nsen mot Kopparbygd. Enligt Sture Johansson skall det finnas 3 torp\/ruiner i rad l\u00e4ngs gr\u00e4nsen mot Kopparbygd.<\/h5>\n<h5><\/h5>\n<h5>GPS: N 56.501265 E13.952402, n\u00e4ra gr\u00e4nsen mot Kopparbygd<\/h5>\n<h5>K\u00e4lla: AI\/15, 1849-51, sid186; AI\/21,1886-95, sid 162;<\/h5>\n<h5 align=\"center\"><b>\u00a0<\/b><\/h5>\n","protected":false},"excerpt":{"rendered":"<p>Gustafsberg F\u00e4hus Gustafsberg Under \u00d6rnaholma 1:1 Bebott: 1851 -1906 1851-1855: Johannes Gustafsson f 1800 i Voxtorp, h.h. Christina J\u00f6nsdotter f 1810 i G\u00f6theryd, dotter Gustafva f. 1845 i G\u00f6theryd 1855-1895: Anders Mathisson f 6\/8 1817 i Hallaryd, d\u00f6r 13\/10 1890. &hellip; <a href=\"https:\/\/hallaryd.se\/?page_id=1362\">Continue reading <span class=\"meta-nav\">&rarr;<\/span><\/a><\/p>\n","protected":false},"author":12,"featured_media":0,"parent":0,"menu_order":0,"comment_status":"closed","ping_status":"closed","template":"","meta":{"footnotes":""},"class_list":["post-1362","page","type-page","status-publish","hentry"],"_links":{"self":[{"href":"https:\/\/hallaryd.se\/index.php?rest_route=\/wp\/v2\/pages\/1362","targetHints":{"allow":["GET"]}}],"collection":[{"href":"https:\/\/hallaryd.se\/index.php?rest_route=\/wp\/v2\/pages"}],"about":[{"href":"https:\/\/hallaryd.se\/index.php?rest_route=\/wp\/v2\/types\/page"}],"author":[{"embeddable":true,"href":"https:\/\/hallaryd.se\/index.php?rest_route=\/wp\/v2\/users\/12"}],"replies":[{"embeddable":true,"href":"https:\/\/hallaryd.se\/index.php?rest_route=%2Fwp%2Fv2%2Fcomments&post=1362"}],"version-history":[{"count":1,"href":"https:\/\/hallaryd.se\/index.php?rest_route=\/wp\/v2\/pages\/1362\/revisions"}],"predecessor-version":[{"id":1364,"href":"https:\/\/hallaryd.se\/index.php?rest_route=\/wp\/v2\/pages\/1362\/revisions\/1364"}],"wp:attachment":[{"href":"https:\/\/hallaryd.se\/index.php?rest_route=%2Fwp%2Fv2%2Fmedia&parent=1362"}],"curies":[{"name":"wp","href":"https:\/\/api.w.org\/{rel}","templated":true}]}}