{"id":1360,"date":"2019-10-13T19:22:54","date_gmt":"2019-10-13T17:22:54","guid":{"rendered":"http:\/\/hallaryd.se\/?page_id=1360"},"modified":"2019-10-13T19:22:54","modified_gmt":"2019-10-13T17:22:54","slug":"torstensdal-soldattorp-rote-45","status":"publish","type":"page","link":"https:\/\/hallaryd.se\/?page_id=1360","title":{"rendered":"Torstensdal\/ Soldattorp rote 45"},"content":{"rendered":"<h5 align=\"center\">Torstensdal\/Soldattorp rote 45<\/h5>\n<h5>Under \u00d6rsn\u00e4s 1:7 (Sk\u00f6nelund)<\/h5>\n<h5>Bebott:1825-1871<\/h5>\n<h5>1825 \u2013 1853<\/h5>\n<h5>Carl Jonsson f. 25\/11 1788 i Hamneda, d. 6\/3 1853, utfattig och sjuklig<\/h5>\n<h5>h. Kjerstin Larsdotter f. 2\/8 1781\u00a0\u00a0\u00a0\u00a0\u00a0\u00a0\u00a0\u00a0\u00a0\u00a0\u00a0\u00a0\u00a0\u00a0\u00a0 d. 28\/9 1842,<\/h5>\n<h5>son Anders f.1816, d\u00f6d 1826<\/h5>\n<h5>1828-1834, anger Carl som \u201dafsk. sj\u00f6artillerist: vanf\u00f6r i handen\u201d<\/h5>\n<h5>1843- inhys. Nils Peter Petersson f. 1815 i Berga (kom fr\u00e5n Kornberga), flyttar till Agunnaryd 1845<\/h5>\n<h5><\/h5>\n<h5>1853 \u2013 1869:<\/h5>\n<h5>Pehr Pehrsson f. 4\/5 1813, d. 1871, (vanf\u00f6re dr\u00e4ngen), inhys. Carl J\u00f6nsson f 1795 i Hallaryd och sonen Jon f. 1839<\/h5>\n<h5><\/h5>\n<h5>Detta torp n\u00e4mns ej l\u00e4ngre i husf\u00f6rh\u00f6rsl\u00e4ngden.<\/h5>\n<h5>Troligt \u00e4r att det sedan blev det nya soldattorpet Sk\u00f6nelund.<\/h5>\n<h5><\/h5>\n<h5>Det gamla soldattorpet l\u00e5g f\u00f6re laga skifte 1866-67 i v\u00e4stra delen av byn d\u00e4r \u00e4ven \u00f6vriga g\u00e5rdar var samlade. Vid skiftet best\u00e4mdes att soldattorpet skulle flyttas till gr\u00e4nsen mot Br\u00e4nnhult.<\/h5>\n<h5>Enligt ett k\u00f6pekontrakt f\u00f6rs\u00e5ldes Sk\u00f6nelund av roteh\u00e5llarna \u00e5r 1900 till<\/h5>\n<h5>Per Persson i \u00d6rsn\u00e4s. Kungliga Norra Sk\u00e5nska Infanteriregementet hade<\/h5>\n<h5>inget att inv\u00e4nda. (se 07-HAL-629 avs\u00f6ndring 1902)<\/h5>\n<h5>Soldaten Peter \u00d6rn hade flyttat ut 1881<\/h5>\n<h5><\/h5>\n<h5>GPS:<\/h5>\n<h5>\u00a0K\u00e4lla: AI\/10, 1825-, s 181; AI\/11, 1828-, s 207; \u00a0AI\/12, 1834-, s181; AI\/13, s 247; AI\/14, s239; \u00a0AI\/15, s 253; AI\/16, s 297; AI\/17, 1861-, s289; AI\/18, s234;<\/h5>\n","protected":false},"excerpt":{"rendered":"<p>Torstensdal\/Soldattorp rote 45 Under \u00d6rsn\u00e4s 1:7 (Sk\u00f6nelund) Bebott:1825-1871 1825 \u2013 1853 Carl Jonsson f. 25\/11 1788 i Hamneda, d. 6\/3 1853, utfattig och sjuklig h. Kjerstin Larsdotter f. 2\/8 1781\u00a0\u00a0\u00a0\u00a0\u00a0\u00a0\u00a0\u00a0\u00a0\u00a0\u00a0\u00a0\u00a0\u00a0\u00a0 d. 28\/9 1842, son Anders f.1816, d\u00f6d 1826 1828-1834, anger &hellip; <a href=\"https:\/\/hallaryd.se\/?page_id=1360\">Continue reading <span class=\"meta-nav\">&rarr;<\/span><\/a><\/p>\n","protected":false},"author":12,"featured_media":0,"parent":0,"menu_order":0,"comment_status":"closed","ping_status":"closed","template":"","meta":{"footnotes":""},"class_list":["post-1360","page","type-page","status-publish","hentry"],"_links":{"self":[{"href":"https:\/\/hallaryd.se\/index.php?rest_route=\/wp\/v2\/pages\/1360","targetHints":{"allow":["GET"]}}],"collection":[{"href":"https:\/\/hallaryd.se\/index.php?rest_route=\/wp\/v2\/pages"}],"about":[{"href":"https:\/\/hallaryd.se\/index.php?rest_route=\/wp\/v2\/types\/page"}],"author":[{"embeddable":true,"href":"https:\/\/hallaryd.se\/index.php?rest_route=\/wp\/v2\/users\/12"}],"replies":[{"embeddable":true,"href":"https:\/\/hallaryd.se\/index.php?rest_route=%2Fwp%2Fv2%2Fcomments&post=1360"}],"version-history":[{"count":1,"href":"https:\/\/hallaryd.se\/index.php?rest_route=\/wp\/v2\/pages\/1360\/revisions"}],"predecessor-version":[{"id":1361,"href":"https:\/\/hallaryd.se\/index.php?rest_route=\/wp\/v2\/pages\/1360\/revisions\/1361"}],"wp:attachment":[{"href":"https:\/\/hallaryd.se\/index.php?rest_route=%2Fwp%2Fv2%2Fmedia&parent=1360"}],"curies":[{"name":"wp","href":"https:\/\/api.w.org\/{rel}","templated":true}]}}