{"id":1344,"date":"2019-09-30T16:03:53","date_gmt":"2019-09-30T14:03:53","guid":{"rendered":"http:\/\/hallaryd.se\/?page_id=1344"},"modified":"2019-11-14T13:06:21","modified_gmt":"2019-11-14T12:06:21","slug":"backaholm","status":"publish","type":"page","link":"https:\/\/hallaryd.se\/?page_id=1344","title":{"rendered":"B\u00e4ckaholm, Sk\u00e5paryd"},"content":{"rendered":"<h5>Under Sk\u00e5paryd S\u00f6derg\u00e5rd:<\/h5>\n<h5>Bebott: 1861 -1922<\/h5>\n<h5><\/h5>\n<h5>1861-1869: Hanna Persdotter f. 25\/6 1841 i Hallaryd, kommer som \u00e4nka fr\u00e5n Hallab\u00f6ke till B\u00e4ckaholm. Det verkar finnas m\u00e5nga (6 st) pigor och inhysespigor som bor i torpet, samt n\u00e5got par.<\/h5>\n<h5>1870-1873: Enk. Hanna Persdotter f. 25\/6 1841 i Hallaryd och inhysepigan Anna Pehrsdotter f. 12\/12 1833 (sjuklig, svagsint). Hanna gifter om sig, 1874, med Anders Bengtsson p\u00e5 Krokslund. Anna kommer till Hospitalet 1872, d\u00f6r 25\/3 1892<\/h5>\n<h5>1873-1881: Sven Persson f 20\/1 1829 i Hallaryd och hustru Petronella Jonasdotter f 26\/2 1836 i Hellestad.<\/h5>\n<h5>Barn: Sven f. 1858,Bengta f. 1860, Per, Hanna, Nils, Johan, Elin, Selma, Alfrid, Thilda, Ingrid f. 1879<\/h5>\n<h5>1881- 1886 Carl Petter Fritz, soldat och sedan smed f\u00f6dd 8 juli 1839 i Loushult (L). Familjen kommer hit 1\/11 1881.<\/h5>\n<h5>Fritz, smidde sockert\u00e4nger, Hustru Kristina Fritz f Bengtsdotter f\u00f6dd i Stenbrohult den 28 okt 1846, Blev \u00e4nka 4 okt 1916.<\/h5>\n<h5>Sonen Olof Friberg (f\u00f6dd 25 mars 1867) i Pjetteryd (G) blev vice korpral vid Sk\u00e5nska husarerna, Sandby (avsked 31\/8 1899, Flyttade till Markaryd 7\/10 1902)<\/h5>\n<h5>1886-1905: torpet bebos av Carl Petter Fritz och hustru Christina samt delvis av sonen Olof Friberg.Sonen Olof Friberg f.d. husar No12, vice korp. F\u00f6dd 25 mars 1867 i Pj\u00e4tteryd.<\/h5>\n<h5><\/h5>\n<h5>1906-1916: Carl Peter Fritz avlider 4\/10 1916 (AII\/2 sid 280). Kristina flyttar till Traryd 22\/3 1922<\/h5>\n<h5><\/h5>\n<h5>GPS: vid Peter Nilssons B\u00e4ckaholm, n\u00e4ra Sk\u00e5negr\u00e4nsen.<\/h5>\n<h5>K\u00e4lla: A I\/20 (1881-1885), sid 263,(AII-3-1917-1935-Bild-3050-sid-292, AII\/2 sid 280,<\/h5>\n","protected":false},"excerpt":{"rendered":"<p>Under Sk\u00e5paryd S\u00f6derg\u00e5rd: Bebott: 1861 -1922 1861-1869: Hanna Persdotter f. 25\/6 1841 i Hallaryd, kommer som \u00e4nka fr\u00e5n Hallab\u00f6ke till B\u00e4ckaholm. Det verkar finnas m\u00e5nga (6 st) pigor och inhysespigor som bor i torpet, samt n\u00e5got par. 1870-1873: Enk. Hanna &hellip; <a href=\"https:\/\/hallaryd.se\/?page_id=1344\">Continue reading <span class=\"meta-nav\">&rarr;<\/span><\/a><\/p>\n","protected":false},"author":12,"featured_media":0,"parent":0,"menu_order":0,"comment_status":"closed","ping_status":"closed","template":"","meta":{"footnotes":""},"class_list":["post-1344","page","type-page","status-publish","hentry"],"_links":{"self":[{"href":"https:\/\/hallaryd.se\/index.php?rest_route=\/wp\/v2\/pages\/1344","targetHints":{"allow":["GET"]}}],"collection":[{"href":"https:\/\/hallaryd.se\/index.php?rest_route=\/wp\/v2\/pages"}],"about":[{"href":"https:\/\/hallaryd.se\/index.php?rest_route=\/wp\/v2\/types\/page"}],"author":[{"embeddable":true,"href":"https:\/\/hallaryd.se\/index.php?rest_route=\/wp\/v2\/users\/12"}],"replies":[{"embeddable":true,"href":"https:\/\/hallaryd.se\/index.php?rest_route=%2Fwp%2Fv2%2Fcomments&post=1344"}],"version-history":[{"count":2,"href":"https:\/\/hallaryd.se\/index.php?rest_route=\/wp\/v2\/pages\/1344\/revisions"}],"predecessor-version":[{"id":1387,"href":"https:\/\/hallaryd.se\/index.php?rest_route=\/wp\/v2\/pages\/1344\/revisions\/1387"}],"wp:attachment":[{"href":"https:\/\/hallaryd.se\/index.php?rest_route=%2Fwp%2Fv2%2Fmedia&parent=1344"}],"curies":[{"name":"wp","href":"https:\/\/api.w.org\/{rel}","templated":true}]}}