{"id":1342,"date":"2019-09-30T16:01:03","date_gmt":"2019-09-30T14:01:03","guid":{"rendered":"http:\/\/hallaryd.se\/?page_id=1342"},"modified":"2019-09-30T16:01:03","modified_gmt":"2019-09-30T14:01:03","slug":"nyhem-knall-pallas","status":"publish","type":"page","link":"https:\/\/hallaryd.se\/?page_id=1342","title":{"rendered":"Nyhem, Knall-Pallas"},"content":{"rendered":"<h5>Sk\u00e5paryd Norreg\u00e5rd (Sk\u00e5paryd 2:24)<\/h5>\n<h5>Bebott: 1886-1932<\/h5>\n<h5>Palla, Pernilla Knall f\u00f6dd Andersdotter f\u00f6dd 27 okt 1832 i Hallaryd,<\/h5>\n<h5>\u00a0d\u00f6d 26 jan 1926.<\/h5>\n<h5>(\u00e4nka 13 april 1869 efter soldaten Pehr Persson Knall). Bodde med barnen h\u00e4r 1885-<\/h5>\n<h5>Barn: Per Persson f\u00f6dd 24\/10 1867( emigrerade 1895), Ingrid Persdotter, f\u00f6dd 20 juni 1865 (flyttade till Landskrona 1887)<\/h5>\n<h5><\/h5>\n<h5>Olof Hilding Svensson \u00d6rn f. artillerist, f\u00f6dd 11 aug. 1879 i Loushult. Flyttade till Nyhem 1930 fr\u00e5n \u00e5lderdomshemmet. (Var d\u00f6md f\u00f6r f\u00f6rsta resan st\u00f6ld 1913. Avtj\u00e4nade straffet, 2 m\u00e5n. i Kronoh\u00e4kte i Landskrona)<\/h5>\n<h5><\/h5>\n<h5>GPS: N 56,468757 \u00a0\u00a0E 13,895163<\/h5>\n","protected":false},"excerpt":{"rendered":"<p>Sk\u00e5paryd Norreg\u00e5rd (Sk\u00e5paryd 2:24) Bebott: 1886-1932 Palla, Pernilla Knall f\u00f6dd Andersdotter f\u00f6dd 27 okt 1832 i Hallaryd, \u00a0d\u00f6d 26 jan 1926. (\u00e4nka 13 april 1869 efter soldaten Pehr Persson Knall). Bodde med barnen h\u00e4r 1885- Barn: Per Persson f\u00f6dd 24\/10 &hellip; <a href=\"https:\/\/hallaryd.se\/?page_id=1342\">Continue reading <span class=\"meta-nav\">&rarr;<\/span><\/a><\/p>\n","protected":false},"author":12,"featured_media":0,"parent":0,"menu_order":0,"comment_status":"closed","ping_status":"closed","template":"","meta":{"footnotes":""},"class_list":["post-1342","page","type-page","status-publish","hentry"],"_links":{"self":[{"href":"https:\/\/hallaryd.se\/index.php?rest_route=\/wp\/v2\/pages\/1342","targetHints":{"allow":["GET"]}}],"collection":[{"href":"https:\/\/hallaryd.se\/index.php?rest_route=\/wp\/v2\/pages"}],"about":[{"href":"https:\/\/hallaryd.se\/index.php?rest_route=\/wp\/v2\/types\/page"}],"author":[{"embeddable":true,"href":"https:\/\/hallaryd.se\/index.php?rest_route=\/wp\/v2\/users\/12"}],"replies":[{"embeddable":true,"href":"https:\/\/hallaryd.se\/index.php?rest_route=%2Fwp%2Fv2%2Fcomments&post=1342"}],"version-history":[{"count":1,"href":"https:\/\/hallaryd.se\/index.php?rest_route=\/wp\/v2\/pages\/1342\/revisions"}],"predecessor-version":[{"id":1343,"href":"https:\/\/hallaryd.se\/index.php?rest_route=\/wp\/v2\/pages\/1342\/revisions\/1343"}],"wp:attachment":[{"href":"https:\/\/hallaryd.se\/index.php?rest_route=%2Fwp%2Fv2%2Fmedia&parent=1342"}],"curies":[{"name":"wp","href":"https:\/\/api.w.org\/{rel}","templated":true}]}}