{"id":1323,"date":"2019-09-30T15:25:30","date_gmt":"2019-09-30T13:25:30","guid":{"rendered":"http:\/\/hallaryd.se\/?page_id=1323"},"modified":"2019-09-30T15:25:30","modified_gmt":"2019-09-30T13:25:30","slug":"pehrstorp","status":"publish","type":"page","link":"https:\/\/hallaryd.se\/?page_id=1323","title":{"rendered":"Pehrstorp"},"content":{"rendered":"<h5>Under Kr\u00e5keryd S\u00f6derg, Kr\u00e5keryd 4:1,<\/h5>\n<h5>Bebott: 1824-1866<\/h5>\n<h5>1824- 1834<\/h5>\n<h5>Dr\u00e4ngen Per Larsson f.12\/12 1790 gift 1830 med Johanna Persdotter f. 10\/12 1799 i G\u00f6theryd.<\/h5>\n<h5>De f\u00e5r barnen: Pernilla f. 1831, Anna f.1833, tvillingar Bengta o Elin f. 4\/4 1836<\/h5>\n<h5>Christina f. 1838 och Hanna f. 1841 (6 flickor)<\/h5>\n<h5>1836 flyttar pigan Pernilla Pehrsdotter f. 1808 in med en o\u00e4kta dotter Johanna.<\/h5>\n<h5><\/h5>\n<h5>1839-1844: Johanna st\u00e5r som sjuklig<\/h5>\n<h5>1847: Per avlider. Dottern Anna f\u00e5r bevis till potatisupptagning i Sk\u00e5ne. Johanna utfattig.<\/h5>\n<h5>1849-1851: Barnen flyttar ut. Anna flyttar till Hallaryd Ng. Som piga.<\/h5>\n<h5>1852-1860: Enk Johanna Pehrsdotter f. 1799, vissa barnen flyttar ut 1853-58. Christina gifter sig med Jonas J\u00f6nsson f. 1815 som flyttar in. Enkan Johanna avlider 1860.<\/h5>\n<h5>1860 flyttar Nils Jonsson f. 1832 och Anna Pehrsdotter f. 1833 in till Pehrstorp.<\/h5>\n<h5><\/h5>\n<h5>1861-1869: Nils Jonsson, flyttar till Witseltofta 1861. 1864 flyttar Carl Fredrik Hagerman f. 4\/10 1834 i Hallaryd hit, med hustru Hanna Pehrsdotter f. 1841 (se ovan). De flyttar till Hallab\u00f6ke Sg 1865. (de f\u00e5r en dotter d\u00e4r som d\u00f6r 1 m\u00e5n gammal och Carl Fredrik avlider 9\/12 1866). Hanna flyttar till B\u00e4ckaholm, Sk\u00e5paryd 1867. Systern Christina f. 1838 avlider p\u00e5 Pehrstorp jan. 1866, efter att ha bott p\u00e5 Rydaholm, Sk\u00e5paryd mellan 1863- 1864.<\/h5>\n<h5><\/h5>\n<h5>Angivet i Laga Skifteskarta 07-HAL-73, sid 62. No 134 Pehrstorp<\/h5>\n<h5><\/h5>\n<h5>GPS: N56.488700 \u00a0\u00a0E13.897015 (sydv\u00e4st om G\u00f6sta Johnssons hus, Kr\u00e5keryd 5:2).<\/h5>\n<h5>K\u00e4lla: AI\/9, sid 84; AI\/10, sid 126; AI\/11, sid 137; AI\/12, sid 123; AI\/14, sid 155; AI\/15, sid 167; AI\/16, sid 182; AI\/17, sid 179;<\/h5>\n","protected":false},"excerpt":{"rendered":"<p>Under Kr\u00e5keryd S\u00f6derg, Kr\u00e5keryd 4:1, Bebott: 1824-1866 1824- 1834 Dr\u00e4ngen Per Larsson f.12\/12 1790 gift 1830 med Johanna Persdotter f. 10\/12 1799 i G\u00f6theryd. De f\u00e5r barnen: Pernilla f. 1831, Anna f.1833, tvillingar Bengta o Elin f. 4\/4 1836 Christina &hellip; <a href=\"https:\/\/hallaryd.se\/?page_id=1323\">Continue reading <span class=\"meta-nav\">&rarr;<\/span><\/a><\/p>\n","protected":false},"author":12,"featured_media":0,"parent":0,"menu_order":0,"comment_status":"closed","ping_status":"closed","template":"","meta":{"footnotes":""},"class_list":["post-1323","page","type-page","status-publish","hentry"],"_links":{"self":[{"href":"https:\/\/hallaryd.se\/index.php?rest_route=\/wp\/v2\/pages\/1323","targetHints":{"allow":["GET"]}}],"collection":[{"href":"https:\/\/hallaryd.se\/index.php?rest_route=\/wp\/v2\/pages"}],"about":[{"href":"https:\/\/hallaryd.se\/index.php?rest_route=\/wp\/v2\/types\/page"}],"author":[{"embeddable":true,"href":"https:\/\/hallaryd.se\/index.php?rest_route=\/wp\/v2\/users\/12"}],"replies":[{"embeddable":true,"href":"https:\/\/hallaryd.se\/index.php?rest_route=%2Fwp%2Fv2%2Fcomments&post=1323"}],"version-history":[{"count":1,"href":"https:\/\/hallaryd.se\/index.php?rest_route=\/wp\/v2\/pages\/1323\/revisions"}],"predecessor-version":[{"id":1324,"href":"https:\/\/hallaryd.se\/index.php?rest_route=\/wp\/v2\/pages\/1323\/revisions\/1324"}],"wp:attachment":[{"href":"https:\/\/hallaryd.se\/index.php?rest_route=%2Fwp%2Fv2%2Fmedia&parent=1323"}],"curies":[{"name":"wp","href":"https:\/\/api.w.org\/{rel}","templated":true}]}}