{"id":1321,"date":"2019-09-30T15:23:53","date_gmt":"2019-09-30T13:23:53","guid":{"rendered":"http:\/\/hallaryd.se\/?page_id=1321"},"modified":"2019-09-30T15:23:53","modified_gmt":"2019-09-30T13:23:53","slug":"bjorkelund","status":"publish","type":"page","link":"https:\/\/hallaryd.se\/?page_id=1321","title":{"rendered":"Bj\u00f6rkelund"},"content":{"rendered":"<h5>Under Kr\u00e5keryd Ng (Kr\u00e5keryd 4:1)<\/h5>\n<h5>Bebott:1806-1893<\/h5>\n<h5><\/h5>\n<h5>1806-1810: M\u00e5ns Jonsson f 14\/9 1782,<\/h5>\n<h5>\u00a0\u00a0\u00a0\u00a0\u00a0\u00a0\u00a0\u00a0\u00a0\u00a0\u00a0\u00a0\u00a0\u00a0\u00a0\u00a0 Pernilla Simonsdotter f.1782<\/h5>\n<h5><\/h5>\n<h5>1811-1815: M\u00e5ns Jonsson f 14\/9 1782, d\u00f6d 11\/2 1814<\/h5>\n<h5>\u00a0\u00a0\u00a0\u00a0\u00a0\u00a0\u00a0\u00a0\u00a0\u00a0\u00a0\u00a0\u00a0\u00a0\u00a0\u00a0 Inh. Svenborg Andersdotter, f. 1742 i G\u00f6teryd, d\u00f6d 1815<\/h5>\n<h5><\/h5>\n<h5>1820-:\u00a0\u00a0\u00a0\u00a0\u00a0\u00a0 Enk. Pernilla Simonsdotter f.1782, d. Ingjerd M\u00e5nsdotter f 1811, d. Gunnild M\u00e5nsdotter f 1813, +inhyse piga och dotter<\/h5>\n<h5><\/h5>\n<h5>1821-:\u00a0\u00a0\u00a0\u00a0\u00a0\u00a0 Jonas Andersson, f. 1792 i Hinneryd, h.h. Pernilla Simonsdotter f 1782, 4 barn<\/h5>\n<h5><\/h5>\n<h5>1831-:\u00a0\u00a0\u00a0\u00a0\u00a0\u00a0 G\u00f6ran Jonsson f 1807 i Pjetteryd , h.h. Elin Andersdotter f.1789, 2 barn<\/h5>\n<h5><\/h5>\n<h5>1836-42:\u00a0\u00a0 Johannes Pehrsson f 26\/1 1797 i G\u00f6theryd<\/h5>\n<h5>\u00a0\u00a0\u00a0\u00a0\u00a0\u00a0\u00a0\u00a0\u00a0\u00a0\u00a0\u00a0\u00a0\u00a0\u00a0\u00a0 h.h. Sissa Swensdotter f 2\/2 1801 i Hestweda, 5 barn<\/h5>\n<h5>1842:\u00a0\u00a0\u00a0\u00a0\u00a0\u00a0\u00a0 Dragonen Nils Blad f 1798, bodde h\u00e4r ett \u00e5r med hustru och barn.<\/h5>\n<h5><\/h5>\n<h5>1843-80:\u00a0\u00a0 Per Andersson f 11\/10 1798 i Hallaryd, dog 24\/12 1880<\/h5>\n<h5>\u00a0\u00a0\u00a0\u00a0\u00a0\u00a0\u00a0\u00a0\u00a0\u00a0\u00a0\u00a0\u00a0\u00a0\u00a0\u00a0 h.h. Pernilla Svensdotter f 1811 i Hallaryd<\/h5>\n<h5>d. Pernilla f. 1833 s. Sven f 3\/1 1836, d. Ingjerd f. 13\/11 1838 i Hallaryd, gifter sig med Lavin 1880, s. Anders f 1841,d. Elsa f. 4\/9 1846 i Hallaryd<\/h5>\n<h5>1853: \u00a0\u00a0\u00a0\u00a0\u00a0\u00a0 Laga skifteskartan 07-HAL-73, sid 67, No 57 st\u00e5r Sven som \u00e4gare.<\/h5>\n<h5>1881-93:\u00a0\u00a0 enkan Pernilla Svensdotter f 1811 i Hallaryd<\/h5>\n<h5>\u00a0\u00a0\u00a0\u00a0\u00a0\u00a0\u00a0\u00a0\u00a0\u00a0\u00a0\u00a0\u00a0\u00a0\u00a0\u00a0 d. Ingjerd f. 13\/11 1838 i Hallaryd, gifter sig med Lavin 1880<\/h5>\n<h5>\u00a0\u00a0\u00a0\u00a0\u00a0\u00a0\u00a0\u00a0\u00a0\u00a0\u00a0\u00a0\u00a0\u00a0\u00a0\u00a0 inhys. Dr. Sven Persson f 1836, flyttar till N. Amerika 1881<\/h5>\n<h5><\/h5>\n<h5>August Lavin f 1830 i Loushult, \u00e4nkeman 1880, d\u00f6d 27\/3 1890<\/h5>\n<h5>2:a hust. Ingjerd Persdotter f 1838 i Hallaryd, (flyttar till Wisseltofta)<\/h5>\n<h5>\u00a0\u00a0\u00a0\u00a0\u00a0\u00a0\u00a0\u00a0\u00a0\u00a0\u00a0\u00a0\u00a0\u00a0\u00a0\u00a0 hans dotter Sophia Lavin f 7\/12 1874 i Loushult<\/h5>\n<h5>\u00a0\u00a0\u00a0\u00a0\u00a0\u00a0\u00a0\u00a0\u00a0\u00a0\u00a0\u00a0\u00a0\u00a0\u00a0\u00a0 deras dotter Thilda Lavin f 21\/3 1877 (flyttar till Helsingborg-94)<\/h5>\n<h5><\/h5>\n<h5>1893:\u00a0\u00a0\u00a0\u00a0\u00a0\u00a0\u00a0 Smed Anders Johan Hagberg f 11\/4 1855 i Hallaryd<\/h5>\n<h5>\u00a0\u00a0\u00a0\u00a0\u00a0\u00a0\u00a0\u00a0\u00a0\u00a0\u00a0\u00a0\u00a0\u00a0\u00a0\u00a0 h.h. Anna Maria \u00c5berg f 11\/3 1857 i Hallaryd<\/h5>\n<h5>\u00a0\u00a0\u00a0\u00a0\u00a0\u00a0\u00a0\u00a0\u00a0\u00a0\u00a0\u00a0\u00a0\u00a0\u00a0\u00a0 hennes o\u00e4 Oskar Julius f 8\/10 1883 i G\u00f6teryd, dog 1894<\/h5>\n<h5>\u00a0\u00a0\u00a0\u00a0\u00a0\u00a0\u00a0\u00a0\u00a0\u00a0\u00a0\u00a0\u00a0\u00a0\u00a0\u00a0 gemensamma barn: Blenda Amalia f 1885<\/h5>\n<h5>\u00a0\u00a0\u00a0\u00a0\u00a0\u00a0\u00a0\u00a0\u00a0\u00a0\u00a0\u00a0\u00a0\u00a0\u00a0\u00a0 Uno Allvar f 1889<\/h5>\n<h5>\u00a0\u00a0\u00a0\u00a0\u00a0\u00a0\u00a0\u00a0\u00a0\u00a0\u00a0\u00a0\u00a0\u00a0\u00a0\u00a0 Signe Albertina f 1891<\/h5>\n<h5>\u00a0\u00a0\u00a0\u00a0\u00a0\u00a0\u00a0\u00a0\u00a0\u00a0\u00a0\u00a0\u00a0\u00a0\u00a0\u00a0 Oskar Edvin f 1894<\/h5>\n<h5>Familjen flyttat fr\u00e5n Stensborg (Normans torp) 1893, Flyttar sedan till Fridhem Kr\u00e5keryd Sg 1895.<\/h5>\n<h5><\/h5>\n<h5>Enligt Sune Lund brann torpet ner (b\u00f6r vara 1893).<\/h5>\n<h5><\/h5>\n<h5>GPS: N56.489632 E13.932012\u00a0\u00a0\u00a0 (F\u00e4huset N56.489459 E13.932767 )<\/h5>\n<h5><\/h5>\n<h5>K\u00e4lla: AI\/6, 1806- ,sid 136; AI\/8, sid 68; AI\/11, 1828-, sid 133;AI\/13, 1839-, sid 161; AI\/15, 1849, sid 162;AI\/17, 1861-, sid 167; AI\/18, 1870-75, sid 131; AI\/20, 1881-, sid 134; \u00a0AI\/21, 1886-95, sid 131;<\/h5>\n","protected":false},"excerpt":{"rendered":"<p>Under Kr\u00e5keryd Ng (Kr\u00e5keryd 4:1) Bebott:1806-1893 1806-1810: M\u00e5ns Jonsson f 14\/9 1782, \u00a0\u00a0\u00a0\u00a0\u00a0\u00a0\u00a0\u00a0\u00a0\u00a0\u00a0\u00a0\u00a0\u00a0\u00a0\u00a0 Pernilla Simonsdotter f.1782 1811-1815: M\u00e5ns Jonsson f 14\/9 1782, d\u00f6d 11\/2 1814 \u00a0\u00a0\u00a0\u00a0\u00a0\u00a0\u00a0\u00a0\u00a0\u00a0\u00a0\u00a0\u00a0\u00a0\u00a0\u00a0 Inh. Svenborg Andersdotter, f. 1742 i G\u00f6teryd, d\u00f6d 1815 1820-:\u00a0\u00a0\u00a0\u00a0\u00a0\u00a0 Enk. Pernilla Simonsdotter f.1782, &hellip; <a href=\"https:\/\/hallaryd.se\/?page_id=1321\">Continue reading <span class=\"meta-nav\">&rarr;<\/span><\/a><\/p>\n","protected":false},"author":12,"featured_media":0,"parent":0,"menu_order":0,"comment_status":"closed","ping_status":"closed","template":"","meta":{"footnotes":""},"class_list":["post-1321","page","type-page","status-publish","hentry"],"_links":{"self":[{"href":"https:\/\/hallaryd.se\/index.php?rest_route=\/wp\/v2\/pages\/1321","targetHints":{"allow":["GET"]}}],"collection":[{"href":"https:\/\/hallaryd.se\/index.php?rest_route=\/wp\/v2\/pages"}],"about":[{"href":"https:\/\/hallaryd.se\/index.php?rest_route=\/wp\/v2\/types\/page"}],"author":[{"embeddable":true,"href":"https:\/\/hallaryd.se\/index.php?rest_route=\/wp\/v2\/users\/12"}],"replies":[{"embeddable":true,"href":"https:\/\/hallaryd.se\/index.php?rest_route=%2Fwp%2Fv2%2Fcomments&post=1321"}],"version-history":[{"count":1,"href":"https:\/\/hallaryd.se\/index.php?rest_route=\/wp\/v2\/pages\/1321\/revisions"}],"predecessor-version":[{"id":1322,"href":"https:\/\/hallaryd.se\/index.php?rest_route=\/wp\/v2\/pages\/1321\/revisions\/1322"}],"wp:attachment":[{"href":"https:\/\/hallaryd.se\/index.php?rest_route=%2Fwp%2Fv2%2Fmedia&parent=1321"}],"curies":[{"name":"wp","href":"https:\/\/api.w.org\/{rel}","templated":true}]}}