{"id":1287,"date":"2019-08-30T13:39:01","date_gmt":"2019-08-30T11:39:01","guid":{"rendered":"http:\/\/hallaryd.se\/?page_id=1287"},"modified":"2019-08-30T13:39:01","modified_gmt":"2019-08-30T11:39:01","slug":"nyatorp","status":"publish","type":"page","link":"https:\/\/hallaryd.se\/?page_id=1287","title":{"rendered":"Nyatorp"},"content":{"rendered":"<h5><a href=\"http:\/\/hallaryd.se\/wp-content\/uploads\/2019\/08\/Jordk\u00e4llaren-1.jpg\"><img loading=\"lazy\" decoding=\"async\" class=\"alignnone size-large wp-image-1288\" alt=\"Jordk\u00e4llaren 1\" src=\"http:\/\/hallaryd.se\/wp-content\/uploads\/2019\/08\/Jordk\u00e4llaren-1-768x1024.jpg\" width=\"584\" height=\"778\" srcset=\"https:\/\/hallaryd.se\/wp-content\/uploads\/2019\/08\/Jordk\u00e4llaren-1-768x1024.jpg 768w, https:\/\/hallaryd.se\/wp-content\/uploads\/2019\/08\/Jordk\u00e4llaren-1-225x300.jpg 225w\" sizes=\"auto, (max-width: 584px) 100vw, 584px\" \/><\/a><\/h5>\n<h5>Jordk\u00e4llaren<\/h5>\n<h5><a href=\"http:\/\/hallaryd.se\/wp-content\/uploads\/2019\/08\/Rodintorpet-1.jpg\"><img loading=\"lazy\" decoding=\"async\" class=\"alignnone size-large wp-image-1289\" alt=\"Rodintorpet 1\" src=\"http:\/\/hallaryd.se\/wp-content\/uploads\/2019\/08\/Rodintorpet-1-768x1024.jpg\" width=\"584\" height=\"778\" srcset=\"https:\/\/hallaryd.se\/wp-content\/uploads\/2019\/08\/Rodintorpet-1-768x1024.jpg 768w, https:\/\/hallaryd.se\/wp-content\/uploads\/2019\/08\/Rodintorpet-1-225x300.jpg 225w\" sizes=\"auto, (max-width: 584px) 100vw, 584px\" \/><\/a><\/h5>\n<h5>Torpet<\/h5>\n<h5><a href=\"http:\/\/hallaryd.se\/wp-content\/uploads\/2019\/08\/karta.png\"><img loading=\"lazy\" decoding=\"async\" class=\"alignnone size-large wp-image-1290\" alt=\"karta\" src=\"http:\/\/hallaryd.se\/wp-content\/uploads\/2019\/08\/karta-1024x576.png\" width=\"584\" height=\"328\" srcset=\"https:\/\/hallaryd.se\/wp-content\/uploads\/2019\/08\/karta-1024x576.png 1024w, https:\/\/hallaryd.se\/wp-content\/uploads\/2019\/08\/karta-300x168.png 300w, https:\/\/hallaryd.se\/wp-content\/uploads\/2019\/08\/karta-500x281.png 500w, https:\/\/hallaryd.se\/wp-content\/uploads\/2019\/08\/karta.png 1600w\" sizes=\"auto, (max-width: 584px) 100vw, 584px\" \/><\/a><\/h5>\n<h5><\/h5>\n<h5>Under Kroksbygd 1:20<\/h5>\n<h5><\/h5>\n<h5>Bebott: 1811-1908<\/h5>\n<h5><\/h5>\n<h5>Torp mellan Henrys och Arons, ca 40 m fr\u00e5n Delaryv\u00e4gen mitt emot Sixten Jonssons v\u00e4g.<\/h5>\n<h5>1811-1815: J\u00f6ns Eriksson, h.h. Elin Olofsdotter, dotter Ester J\u00f6nsdotter<\/h5>\n<h5>1828-1851: Anders J\u00f6nsson f\u00f6dd 10\/2 1795 i Hallaryd (utfattig, br\u00e4cklig). Hustru Karna Michailsdotter f\u00f6dd 9\/5 1796 i Werum. Barn: Hanna f\u00f6dd 10\/10 1831, Pehr f\u00f6dd 14\/12 1834. Jon Larsson f\u00f6dd 23\/61831 i Hallaryd (flyttar till Sk\u00e5ne 1851, kommer tillbaka igen)<\/h5>\n<h5>1852-1869: Jon Larsson f\u00f6dd 23\/6 1831 i Hallaryd<\/h5>\n<h5><\/h5>\n<h5>1887-1908: Sven Jonsson Rodin (soldat No 109) f\u00f6dd 7 okt 1854 i Hallaryd. Hustru Hanna Andersdotter f\u00f6dd 5\/1 1850 i Sandby (L). Gift 1881. Kom till Nyatorp 1887 fr\u00e5n Halseryd. Johan Rodin f\u00f6dd h\u00e4r. \u00a0Barn: Jenny f\u00f6dd 29\/8 1881, August f\u00f6dd 30\/9 1884, Thilda f\u00f6dd 9\/2 1887, Johan f\u00f6dd 6\/9 1889, Emma f\u00f6dd 8\/9 1891 o Viktor f\u00f6dd 30\/9 1893.\u00a0 Sven och Hanna flyttar till Markaryd 1908<\/h5>\n<h5>Johan f. 6\/9 1889 var senare mj\u00f6lnare vid V\u00e4gla kvarn. Flyttade till Vekaboda, Markaryd 1926. Hans son Sture Rodin bosatte sig senare i Kimmelsbygd 1940.<\/h5>\n<h5><\/h5>\n<h5>GPS: N 56,505375\u00a0\u00a0 E 13,898645<\/h5>\n<h5><\/h5>\n<h5>K\u00e4lla: Hallaryds Husf\u00f6rh\u00f6rsl\u00e4ngder 1886-1895 sid 119, 1906-1916 sid 191.<\/h5>\n<h5>AI\/17, 1861-1869, sid 156;<\/h5>\n","protected":false},"excerpt":{"rendered":"<p>Jordk\u00e4llaren Torpet Under Kroksbygd 1:20 Bebott: 1811-1908 Torp mellan Henrys och Arons, ca 40 m fr\u00e5n Delaryv\u00e4gen mitt emot Sixten Jonssons v\u00e4g. 1811-1815: J\u00f6ns Eriksson, h.h. Elin Olofsdotter, dotter Ester J\u00f6nsdotter 1828-1851: Anders J\u00f6nsson f\u00f6dd 10\/2 1795 i Hallaryd (utfattig, &hellip; <a href=\"https:\/\/hallaryd.se\/?page_id=1287\">Continue reading <span class=\"meta-nav\">&rarr;<\/span><\/a><\/p>\n","protected":false},"author":12,"featured_media":0,"parent":0,"menu_order":0,"comment_status":"closed","ping_status":"closed","template":"","meta":{"footnotes":""},"class_list":["post-1287","page","type-page","status-publish","hentry"],"_links":{"self":[{"href":"https:\/\/hallaryd.se\/index.php?rest_route=\/wp\/v2\/pages\/1287","targetHints":{"allow":["GET"]}}],"collection":[{"href":"https:\/\/hallaryd.se\/index.php?rest_route=\/wp\/v2\/pages"}],"about":[{"href":"https:\/\/hallaryd.se\/index.php?rest_route=\/wp\/v2\/types\/page"}],"author":[{"embeddable":true,"href":"https:\/\/hallaryd.se\/index.php?rest_route=\/wp\/v2\/users\/12"}],"replies":[{"embeddable":true,"href":"https:\/\/hallaryd.se\/index.php?rest_route=%2Fwp%2Fv2%2Fcomments&post=1287"}],"version-history":[{"count":1,"href":"https:\/\/hallaryd.se\/index.php?rest_route=\/wp\/v2\/pages\/1287\/revisions"}],"predecessor-version":[{"id":1293,"href":"https:\/\/hallaryd.se\/index.php?rest_route=\/wp\/v2\/pages\/1287\/revisions\/1293"}],"wp:attachment":[{"href":"https:\/\/hallaryd.se\/index.php?rest_route=%2Fwp%2Fv2%2Fmedia&parent=1287"}],"curies":[{"name":"wp","href":"https:\/\/api.w.org\/{rel}","templated":true}]}}