{"id":1275,"date":"2019-08-30T13:18:30","date_gmt":"2019-08-30T11:18:30","guid":{"rendered":"http:\/\/hallaryd.se\/?page_id=1275"},"modified":"2019-08-30T13:18:30","modified_gmt":"2019-08-30T11:18:30","slug":"aspelund","status":"publish","type":"page","link":"https:\/\/hallaryd.se\/?page_id=1275","title":{"rendered":"Aspelund"},"content":{"rendered":"<h5><a href=\"http:\/\/hallaryd.se\/wp-content\/uploads\/2019\/08\/Aspelund1.jpg\"><img loading=\"lazy\" decoding=\"async\" class=\"alignnone size-large wp-image-1277\" alt=\"Aspelund1\" src=\"http:\/\/hallaryd.se\/wp-content\/uploads\/2019\/08\/Aspelund1-768x1024.jpg\" width=\"584\" height=\"778\" srcset=\"https:\/\/hallaryd.se\/wp-content\/uploads\/2019\/08\/Aspelund1-768x1024.jpg 768w, https:\/\/hallaryd.se\/wp-content\/uploads\/2019\/08\/Aspelund1-225x300.jpg 225w\" sizes=\"auto, (max-width: 584px) 100vw, 584px\" \/><\/a><\/h5>\n<h5>Under Kroksbygd 1:10<\/h5>\n<h5><\/h5>\n<h5>Bebott: 1795-1852<\/h5>\n<h5><\/h5>\n<h5>1800-1805<\/h5>\n<h5>J\u00f6ns Ericsson f. 23\/10 1749, hustru Elin Olofsdotter f. 26\/5 1750, Son <span style=\"text-decoration: underline;\">Mattis<\/span> <span style=\"text-decoration: underline;\">J\u00f6nsson<\/span> f 5\/5 1883, dotter Ester J\u00f6nsdotter f. 4\/5 1788, son Anders J\u00f6nsson f. 10\/2 1795, dotter Anna J\u00f6nsdotter f. 23\/2 1777, dels o\u00e4kta dottern Pernilla Trulsdotter f. 7\/9 1796<\/h5>\n<h5>1806-1810 (torp, under torpet)<\/h5>\n<h5>Mattis J\u00f6nsson f. 5\/3 1783 i Hallaryd (\u00e4r i Loushult 1807). Bygger han sedan torpet ca 1808?<\/h5>\n<h5>1811-1815<\/h5>\n<h5>Mattis J\u00f6nsson f. 5\/3 1783 i Hallaryd, h. Sissa Pehrsdotter f. 18\/2(9) 1789, Barn: Per Mattisson f. 22\/7 1813<\/h5>\n<h5><\/h5>\n<h5>1816-1844<\/h5>\n<h5>Mathias (Mathis) J\u00f6nsson f. 5\/3 1783 i Hallaryd, h. Sissa Pehrsdotter f. 18\/2(9) 1789<\/h5>\n<h5>Pehr f. 22\/7 1813, Anders f. 6\/8 1817. d. Pernilla f. 6\/5 1822, s. Nils f. 18\/5 1826.\u00a0 Inhysespiga Ingjerd Johansdotter\u00a0 f. 8\/9 1802 i Traheryd (sjuklig)<\/h5>\n<h5>1844-1849<\/h5>\n<h5>Mathias J\u00f6nsson f. 5\/3 1783 i Hallaryd, h. Sissa Pehrsdotter f. 18\/2 1789 i Hallaryd, son Pehr f. 22\/7 1813, d. Pernilla f. 6\/5 1822, s. Nils f. 18\/5 1826. Anders f. 6\/8 1817.<\/h5>\n<h5>Mathias har f\u00e5tt brev f\u00f6r handel i Sk\u00e5ne 1847.<\/h5>\n<h5>1852-<\/h5>\n<h5>Mathias J\u00f6nsson f. 5\/3 1783 i Hallaryd, h. Sissa Pehrsdotter f. 18\/2 1789 i Hallaryd, son Pehr f. 22\/7 1813, d. Pernilla f. 6\/5 1822, s. Nils f. 18\/5 1826.<\/h5>\n<h5>(Pehr varit i Sk\u00e5ne 1852). Familjen flyttar 1852 till Hallaryd 1:7 (Matsa-Sissas). Sonen Nils blir pappa till Matsa-Sissa.<\/h5>\n<h5><\/h5>\n<h5>GPS:N 56.50822 E13.88535; N56.508225 E13.885335 (i backen)<\/h5>\n<h5>K\u00e4lla: AI\/4, 1785-1802, sid 372, AI\/16, 1852-1860, sid 156; AI\/14, 1844-1849, sid 136; AI\/13, 1839-1844, sid 147; AI\/6, 1806-10, sid 122;<\/h5>\n","protected":false},"excerpt":{"rendered":"<p>Under Kroksbygd 1:10 Bebott: 1795-1852 1800-1805 J\u00f6ns Ericsson f. 23\/10 1749, hustru Elin Olofsdotter f. 26\/5 1750, Son Mattis J\u00f6nsson f 5\/5 1883, dotter Ester J\u00f6nsdotter f. 4\/5 1788, son Anders J\u00f6nsson f. 10\/2 1795, dotter Anna J\u00f6nsdotter f. 23\/2 &hellip; <a href=\"https:\/\/hallaryd.se\/?page_id=1275\">Continue reading <span class=\"meta-nav\">&rarr;<\/span><\/a><\/p>\n","protected":false},"author":12,"featured_media":0,"parent":0,"menu_order":0,"comment_status":"closed","ping_status":"closed","template":"","meta":{"footnotes":""},"class_list":["post-1275","page","type-page","status-publish","hentry"],"_links":{"self":[{"href":"https:\/\/hallaryd.se\/index.php?rest_route=\/wp\/v2\/pages\/1275","targetHints":{"allow":["GET"]}}],"collection":[{"href":"https:\/\/hallaryd.se\/index.php?rest_route=\/wp\/v2\/pages"}],"about":[{"href":"https:\/\/hallaryd.se\/index.php?rest_route=\/wp\/v2\/types\/page"}],"author":[{"embeddable":true,"href":"https:\/\/hallaryd.se\/index.php?rest_route=\/wp\/v2\/users\/12"}],"replies":[{"embeddable":true,"href":"https:\/\/hallaryd.se\/index.php?rest_route=%2Fwp%2Fv2%2Fcomments&post=1275"}],"version-history":[{"count":1,"href":"https:\/\/hallaryd.se\/index.php?rest_route=\/wp\/v2\/pages\/1275\/revisions"}],"predecessor-version":[{"id":1279,"href":"https:\/\/hallaryd.se\/index.php?rest_route=\/wp\/v2\/pages\/1275\/revisions\/1279"}],"wp:attachment":[{"href":"https:\/\/hallaryd.se\/index.php?rest_route=%2Fwp%2Fv2%2Fmedia&parent=1275"}],"curies":[{"name":"wp","href":"https:\/\/api.w.org\/{rel}","templated":true}]}}