{"id":1271,"date":"2019-08-30T13:12:20","date_gmt":"2019-08-30T11:12:20","guid":{"rendered":"http:\/\/hallaryd.se\/?page_id=1271"},"modified":"2019-08-30T13:12:20","modified_gmt":"2019-08-30T11:12:20","slug":"torpar-jonen","status":"publish","type":"page","link":"https:\/\/hallaryd.se\/?page_id=1271","title":{"rendered":"Torpar-Jonen"},"content":{"rendered":"<h5><a href=\"http:\/\/hallaryd.se\/wp-content\/uploads\/2019\/08\/Torpar-Jonen-5-2.jpg\"><img loading=\"lazy\" decoding=\"async\" class=\"alignnone size-large wp-image-1273\" alt=\"Torpar Jonen 5 (2)\" src=\"http:\/\/hallaryd.se\/wp-content\/uploads\/2019\/08\/Torpar-Jonen-5-2-768x1024.jpg\" width=\"584\" height=\"778\" srcset=\"https:\/\/hallaryd.se\/wp-content\/uploads\/2019\/08\/Torpar-Jonen-5-2-768x1024.jpg 768w, https:\/\/hallaryd.se\/wp-content\/uploads\/2019\/08\/Torpar-Jonen-5-2-225x300.jpg 225w\" sizes=\"auto, (max-width: 584px) 100vw, 584px\" \/><\/a><\/h5>\n<h5><\/h5>\n<h5>Kornberga Norreg\u00e5rd (Kornberga 1:20)<\/h5>\n<h5><\/h5>\n<h5>Bebott: 1869-1948<\/h5>\n<h5><\/h5>\n<h5>Torpa-Jonen, ruin v\u00e4ster om John o Rut Petterssons<\/h5>\n<h5>Jon Persson f 17\/3 1869 i Kornberga Ng(1\/32)\u00a0\u00a0 d. 14\/11\u00a0 1948<\/h5>\n<h5>S\u00e5gm\u00e4stare p\u00e5 Winslovss\u00e5gen vid Lill\u00e5n i Hallaryd i b\u00f6rjan av 1900-talet<\/h5>\n<h5>Han var son till hemmans\u00e4g. Per Andersson f. 3\/1 1836 i Hallaryd,\u00a0 d. 1914<\/h5>\n<h5>och h.h. Pernilla Persdotter f. 9\/2 1830 i Hallaryd\u00a0\u00a0\u00a0 d. 1917<\/h5>\n<h5><\/h5>\n<h5><i>3\/32 Kornberga Ng, <\/i>Huset har varit ca 7x11m Vattenbrunn p\u00e5 baksidan.<\/h5>\n<h5>Torpa-Jonen, sl\u00e4kt med Kronholms i Hallab\u00f6ke enl. Bergkvist<\/h5>\n<h5>Jons syster Pernilla f 2\/2 1867 gifte sig (1902) med Svante Kronholm<\/h5>\n<h5>(soldat No 33, Hallab\u00f6ke Ng).<\/h5>\n<h5>Pernilla mamma till Nils Gottfrid, Ebba (Holmberg), Ferdinand, Agda (Karlsson Hallab\u00f6ke),<\/h5>\n<h5><\/h5>\n<h5>GPS: N56,471412\u00a0\u00a0 E13,872206<\/h5>\n<h5>K\u00e4lla: Hallaryd Husf. AI\/17, 1861-1869, sid 29<\/h5>\n","protected":false},"excerpt":{"rendered":"<p>Kornberga Norreg\u00e5rd (Kornberga 1:20) Bebott: 1869-1948 Torpa-Jonen, ruin v\u00e4ster om John o Rut Petterssons Jon Persson f 17\/3 1869 i Kornberga Ng(1\/32)\u00a0\u00a0 d. 14\/11\u00a0 1948 S\u00e5gm\u00e4stare p\u00e5 Winslovss\u00e5gen vid Lill\u00e5n i Hallaryd i b\u00f6rjan av 1900-talet Han var son till &hellip; <a href=\"https:\/\/hallaryd.se\/?page_id=1271\">Continue reading <span class=\"meta-nav\">&rarr;<\/span><\/a><\/p>\n","protected":false},"author":12,"featured_media":0,"parent":0,"menu_order":0,"comment_status":"closed","ping_status":"closed","template":"","meta":{"footnotes":""},"class_list":["post-1271","page","type-page","status-publish","hentry"],"_links":{"self":[{"href":"https:\/\/hallaryd.se\/index.php?rest_route=\/wp\/v2\/pages\/1271","targetHints":{"allow":["GET"]}}],"collection":[{"href":"https:\/\/hallaryd.se\/index.php?rest_route=\/wp\/v2\/pages"}],"about":[{"href":"https:\/\/hallaryd.se\/index.php?rest_route=\/wp\/v2\/types\/page"}],"author":[{"embeddable":true,"href":"https:\/\/hallaryd.se\/index.php?rest_route=\/wp\/v2\/users\/12"}],"replies":[{"embeddable":true,"href":"https:\/\/hallaryd.se\/index.php?rest_route=%2Fwp%2Fv2%2Fcomments&post=1271"}],"version-history":[{"count":1,"href":"https:\/\/hallaryd.se\/index.php?rest_route=\/wp\/v2\/pages\/1271\/revisions"}],"predecessor-version":[{"id":1274,"href":"https:\/\/hallaryd.se\/index.php?rest_route=\/wp\/v2\/pages\/1271\/revisions\/1274"}],"wp:attachment":[{"href":"https:\/\/hallaryd.se\/index.php?rest_route=%2Fwp%2Fv2%2Fmedia&parent=1271"}],"curies":[{"name":"wp","href":"https:\/\/api.w.org\/{rel}","templated":true}]}}