{"id":1250,"date":"2019-08-30T12:35:56","date_gmt":"2019-08-30T10:35:56","guid":{"rendered":"http:\/\/hallaryd.se\/?page_id=1250"},"modified":"2019-08-30T12:35:56","modified_gmt":"2019-08-30T10:35:56","slug":"sjolinatorpet","status":"publish","type":"page","link":"https:\/\/hallaryd.se\/?page_id=1250","title":{"rendered":"Sj\u00f6linatorpet"},"content":{"rendered":"<h5><\/h5>\n<h5>Hallseryd 1:22<\/h5>\n<h5><\/h5>\n<h5>Bebott: ca 1885- 1916<\/h5>\n<h5>Bengt Persson har bott p\u00e5 torpet som d\u00e5 ben\u00e4mndes som Hallseryd backstuga.<\/h5>\n<h5>Soldaten Sven Andreasson Sj\u00f6lin (V\u00e4rja) f 26\/1 1860, d\u00f6d 9 mars 1945<\/h5>\n<h5>hustru Ingrid Bengtsdotter f 25\/6 1854 f\u00f6dd p\u00e5 torpet, d\u00f6d 1908-11-01<\/h5>\n<h5>4 d\u00f6ttrar: Amalia, Nanny Annette, Emi, Agda<\/h5>\n<h5>Amalia f 21\/2 1888, flyttar till Kropp (M), 1915<\/h5>\n<h5>Nanny Annette f 27\/3 1890, flyttar till Kropp (M) 1915<\/h5>\n<h5>Emi f 29\/8 1892, flyttar till Kropp (M) 1913<\/h5>\n<h5>Agda, flyttar till Str\u00f6velstorp (L) 1916<\/h5>\n<h5>Inhyses Per Bengtsson Ryberg (smed) f 20\/5 1857 \u00e4nkling 5\/4 1887 (bror till Ingrid???)\u00a0 \u00a0\u00a0\u00a0\u00a0\u00a0\u00a0\u00a0\u00a0\u00a0\u00a0\u00a0\u00a0\u00a0\u00a0\u00a0\u00a0 bet.(betyg) till Danmark 1889<\/h5>\n<h5>Inhyses \u00e4nka Elin Perdotter f 21\/8 1820, \u00e4nka 28\/11 1884<\/h5>\n<h5>Sven Andreasson Sj\u00f6lin kommer fr\u00e5n Davidsholm, Starsholma \u00d6sterg\u00e5rd som (o\u00e4kta) son till Andreas Svensson W\u00e4rja (f\u00f6dd 1836-11-07 i G\u00f6teryd) och Andreas hustru Sissa M\u00e5nsdotter (f\u00f6dd 1833-06-20 i Hallaryd)<\/h5>\n<h5>Hallaryd (G) AI:20 1881-1885 Bild 187 \/ Sida 178<\/h5>\n<h5>Bouppteckning 19\/3 1945: Sunnerbo h\u00e4radsr\u00e4tt (G) FII:116 1945-1945 Bild 2230 \/ Sida 110<\/h5>\n<h5>(Enl Sune Lund skall ett hus fr\u00e5n detta torp vara flyttat till d\u00e4r Axel Streling bodde, Skogslund Kr\u00e5keryd Sg).<\/h5>\n<h5><\/h5>\n<h5>GPS:56,485437 N\u00a0\u00a0 13,866025 E<\/h5>\n","protected":false},"excerpt":{"rendered":"<p>Hallseryd 1:22 Bebott: ca 1885- 1916 Bengt Persson har bott p\u00e5 torpet som d\u00e5 ben\u00e4mndes som Hallseryd backstuga. Soldaten Sven Andreasson Sj\u00f6lin (V\u00e4rja) f 26\/1 1860, d\u00f6d 9 mars 1945 hustru Ingrid Bengtsdotter f 25\/6 1854 f\u00f6dd p\u00e5 torpet, d\u00f6d &hellip; <a href=\"https:\/\/hallaryd.se\/?page_id=1250\">Continue reading <span class=\"meta-nav\">&rarr;<\/span><\/a><\/p>\n","protected":false},"author":12,"featured_media":0,"parent":0,"menu_order":0,"comment_status":"closed","ping_status":"closed","template":"","meta":{"footnotes":""},"class_list":["post-1250","page","type-page","status-publish","hentry"],"_links":{"self":[{"href":"https:\/\/hallaryd.se\/index.php?rest_route=\/wp\/v2\/pages\/1250","targetHints":{"allow":["GET"]}}],"collection":[{"href":"https:\/\/hallaryd.se\/index.php?rest_route=\/wp\/v2\/pages"}],"about":[{"href":"https:\/\/hallaryd.se\/index.php?rest_route=\/wp\/v2\/types\/page"}],"author":[{"embeddable":true,"href":"https:\/\/hallaryd.se\/index.php?rest_route=\/wp\/v2\/users\/12"}],"replies":[{"embeddable":true,"href":"https:\/\/hallaryd.se\/index.php?rest_route=%2Fwp%2Fv2%2Fcomments&post=1250"}],"version-history":[{"count":1,"href":"https:\/\/hallaryd.se\/index.php?rest_route=\/wp\/v2\/pages\/1250\/revisions"}],"predecessor-version":[{"id":1252,"href":"https:\/\/hallaryd.se\/index.php?rest_route=\/wp\/v2\/pages\/1250\/revisions\/1252"}],"wp:attachment":[{"href":"https:\/\/hallaryd.se\/index.php?rest_route=%2Fwp%2Fv2%2Fmedia&parent=1250"}],"curies":[{"name":"wp","href":"https:\/\/api.w.org\/{rel}","templated":true}]}}