{"id":1237,"date":"2019-08-30T11:56:39","date_gmt":"2019-08-30T09:56:39","guid":{"rendered":"http:\/\/hallaryd.se\/?page_id=1237"},"modified":"2019-08-30T11:56:39","modified_gmt":"2019-08-30T09:56:39","slug":"hasthagen","status":"publish","type":"page","link":"https:\/\/hallaryd.se\/?page_id=1237","title":{"rendered":"H\u00e4sthagen"},"content":{"rendered":"<h5>Under Hallaryd Pr\u00e4stg\u00e5rd (Hallaryd 1:3)<\/h5>\n<h5><\/h5>\n<h5>1870 \u2013 1916<\/h5>\n<h5>Elias Pettersson\u00a0 f. 11\/6\u00a0 1828\u00a0\u00a0 Orgeltrampare och torpare<\/h5>\n<h5>h. Anna Katarina Eriksdotter\u00a0 f. 14\/9\u00a0 1826<\/h5>\n<h5>d. Ingrid Christina, s. Jon, d. Augusta<\/h5>\n<h5>d. Cecilia\u00a0 Eliasdotter f. 2\/11\u00a0 1872<\/h5>\n<h5><\/h5>\n<h5>Cecilia gifte sig med Peter William Larsen, b\u00f6rdig fr\u00e5n Danmark<\/h5>\n<h5>de bosatte sig p\u00e5 Nyborg Hallaryd Ng. (idag Hallaryd 1:18)<\/h5>\n<h5>D\u00e4r fick de bl.a. dottern Anna som sedan gifte sig med Paul Strand<\/h5>\n<h5><\/h5>\n<h5>H\u00e4sthagen har \u00e4ven kallats f\u00f6r Eliasatorpet och Ussatorpet.<\/h5>\n<h5>Elias mor l\u00e4r ha sagt \u201duss\u201d ist\u00e4llet f\u00f6r oss.<\/h5>\n<h5>Elias\u00a0 d\u00f6d\u00a0 29\/4\u00a0 1916<\/h5>\n<h5>Anna d\u00f6d\u00a0 22\/1\u00a0 1916<\/h5>\n","protected":false},"excerpt":{"rendered":"<p>Under Hallaryd Pr\u00e4stg\u00e5rd (Hallaryd 1:3) 1870 \u2013 1916 Elias Pettersson\u00a0 f. 11\/6\u00a0 1828\u00a0\u00a0 Orgeltrampare och torpare h. Anna Katarina Eriksdotter\u00a0 f. 14\/9\u00a0 1826 d. Ingrid Christina, s. Jon, d. Augusta d. Cecilia\u00a0 Eliasdotter f. 2\/11\u00a0 1872 Cecilia gifte sig med &hellip; <a href=\"https:\/\/hallaryd.se\/?page_id=1237\">Continue reading <span class=\"meta-nav\">&rarr;<\/span><\/a><\/p>\n","protected":false},"author":12,"featured_media":0,"parent":0,"menu_order":0,"comment_status":"closed","ping_status":"closed","template":"","meta":{"footnotes":""},"class_list":["post-1237","page","type-page","status-publish","hentry"],"_links":{"self":[{"href":"https:\/\/hallaryd.se\/index.php?rest_route=\/wp\/v2\/pages\/1237","targetHints":{"allow":["GET"]}}],"collection":[{"href":"https:\/\/hallaryd.se\/index.php?rest_route=\/wp\/v2\/pages"}],"about":[{"href":"https:\/\/hallaryd.se\/index.php?rest_route=\/wp\/v2\/types\/page"}],"author":[{"embeddable":true,"href":"https:\/\/hallaryd.se\/index.php?rest_route=\/wp\/v2\/users\/12"}],"replies":[{"embeddable":true,"href":"https:\/\/hallaryd.se\/index.php?rest_route=%2Fwp%2Fv2%2Fcomments&post=1237"}],"version-history":[{"count":1,"href":"https:\/\/hallaryd.se\/index.php?rest_route=\/wp\/v2\/pages\/1237\/revisions"}],"predecessor-version":[{"id":1238,"href":"https:\/\/hallaryd.se\/index.php?rest_route=\/wp\/v2\/pages\/1237\/revisions\/1238"}],"wp:attachment":[{"href":"https:\/\/hallaryd.se\/index.php?rest_route=%2Fwp%2Fv2%2Fmedia&parent=1237"}],"curies":[{"name":"wp","href":"https:\/\/api.w.org\/{rel}","templated":true}]}}