{"id":1230,"date":"2019-08-30T11:25:17","date_gmt":"2019-08-30T09:25:17","guid":{"rendered":"http:\/\/hallaryd.se\/?page_id=1230"},"modified":"2019-08-30T11:25:17","modified_gmt":"2019-08-30T09:25:17","slug":"lundbecka-pelles","status":"publish","type":"page","link":"https:\/\/hallaryd.se\/?page_id=1230","title":{"rendered":"Lundbecka-Pelles"},"content":{"rendered":"<h5>Hallaryd Norreg. Utjord. 1:8<\/h5>\n<h5><\/h5>\n<h5>Bebott:1875 &#8211; 1935<\/h5>\n<h5><\/h5>\n<h5>1875-1909:<\/h5>\n<h5>Per Persson Lundbeck, f. 2\/10 1846,\u00a0\u00a0\u00a0\u00a0\u00a0\u00a0\u00a0\u00a0\u00a0\u00a0\u00a0 \u00a0\u00a0 d. 1930<\/h5>\n<h5>h.h. Bengta Nilsdotter, f. 29\/5 1852,\u00a0\u00a0\u00a0\u00a0\u00a0\u00a0\u00a0\u00a0\u00a0\u00a0\u00a0\u00a0 \u00a0\u00a0 d. 1920<\/h5>\n<h5><\/h5>\n<h5>Per och Nils Persson Lundbeck i F\u00e5glehult var s\u00f6ner till Pehr Jeppsson Lundbeck<\/h5>\n<h5>som 1867 flyttade till F\u00e5glehult, ursprungligen fr\u00e5n Loshult.<\/h5>\n<h5><\/h5>\n<h5>Bland Per och Bengtas barn var sonen:<\/h5>\n<h5>Olof Persson Lundbeck, f. 7\/10 1877,\u00a0\u00a0\u00a0\u00a0\u00a0\u00a0\u00a0\u00a0\u00a0\u00a0 \u00a0\u00a0 d. 1947<\/h5>\n<h5>Olof flyttade 1899 till N. Amerika. Tillbaka 1905 flyttade han till en g\u00e5rd i Sjuhult, Sjuhult 1:8, och gifter sig med Emma Kristensdotter, f. 19\/9 1876, som kom fr\u00e5n Snickartorpet vid V\u00e4gla kvarn.<\/h5>\n<h5>G\u00e5rden \u00f6vertogs 1941 av sonen Gustav och sen av hans son, Hans Lundb\u00e4ck.<\/h5>\n<h5><\/h5>\n<h5>Per Persson Lundb\u00e4ck flyttade till Osby 1909.<\/h5>\n<h5><\/h5>\n<h5>1916-1922<\/h5>\n<h5>F.d. \u00e4garen av V\u00e4gla kvarn, Johan Magnus Svensson fr\u00e5n Nydala, f.26\/4 1852 flyttar in. D\u00f6r 17\/5 1922.<\/h5>\n<h5><\/h5>\n<h5>1923-1935<\/h5>\n<h5>J\u00f6ns Olsson f. 24\/12 1870, lantbrukare fr\u00e5n Sk\u00e5ne,<\/h5>\n<h5>h.h Maria Vendel f. 5\/4 1879, med m\u00e5nga barn och deras familjer.<\/h5>\n<h5>\u00c4ldsta dotter, Mimmie Linnea gifter sig med skoll\u00e4raren Erik Gunnar Sj\u00f6lin.<\/h5>\n<h5>En dotter, Inez Vilhelmina verkar ha varit den sista att flytta ut 1935.<\/h5>\n<h5><\/h5>\n<h5>GPS:<\/h5>\n<h5>K\u00e4lla: AII\/3, sid 103;<\/h5>\n","protected":false},"excerpt":{"rendered":"<p>Hallaryd Norreg. Utjord. 1:8 Bebott:1875 &#8211; 1935 1875-1909: Per Persson Lundbeck, f. 2\/10 1846,\u00a0\u00a0\u00a0\u00a0\u00a0\u00a0\u00a0\u00a0\u00a0\u00a0\u00a0 \u00a0\u00a0 d. 1930 h.h. Bengta Nilsdotter, f. 29\/5 1852,\u00a0\u00a0\u00a0\u00a0\u00a0\u00a0\u00a0\u00a0\u00a0\u00a0\u00a0\u00a0 \u00a0\u00a0 d. 1920 Per och Nils Persson Lundbeck i F\u00e5glehult var s\u00f6ner till Pehr Jeppsson Lundbeck som &hellip; <a href=\"https:\/\/hallaryd.se\/?page_id=1230\">Continue reading <span class=\"meta-nav\">&rarr;<\/span><\/a><\/p>\n","protected":false},"author":12,"featured_media":0,"parent":0,"menu_order":0,"comment_status":"closed","ping_status":"closed","template":"","meta":{"footnotes":""},"class_list":["post-1230","page","type-page","status-publish","hentry"],"_links":{"self":[{"href":"https:\/\/hallaryd.se\/index.php?rest_route=\/wp\/v2\/pages\/1230","targetHints":{"allow":["GET"]}}],"collection":[{"href":"https:\/\/hallaryd.se\/index.php?rest_route=\/wp\/v2\/pages"}],"about":[{"href":"https:\/\/hallaryd.se\/index.php?rest_route=\/wp\/v2\/types\/page"}],"author":[{"embeddable":true,"href":"https:\/\/hallaryd.se\/index.php?rest_route=\/wp\/v2\/users\/12"}],"replies":[{"embeddable":true,"href":"https:\/\/hallaryd.se\/index.php?rest_route=%2Fwp%2Fv2%2Fcomments&post=1230"}],"version-history":[{"count":1,"href":"https:\/\/hallaryd.se\/index.php?rest_route=\/wp\/v2\/pages\/1230\/revisions"}],"predecessor-version":[{"id":1231,"href":"https:\/\/hallaryd.se\/index.php?rest_route=\/wp\/v2\/pages\/1230\/revisions\/1231"}],"wp:attachment":[{"href":"https:\/\/hallaryd.se\/index.php?rest_route=%2Fwp%2Fv2%2Fmedia&parent=1230"}],"curies":[{"name":"wp","href":"https:\/\/api.w.org\/{rel}","templated":true}]}}