{"id":1175,"date":"2019-08-30T09:46:30","date_gmt":"2019-08-30T07:46:30","guid":{"rendered":"http:\/\/hallaryd.se\/?page_id=1175"},"modified":"2019-08-30T09:46:30","modified_gmt":"2019-08-30T07:46:30","slug":"nogaratorpet","status":"publish","type":"page","link":"https:\/\/hallaryd.se\/?page_id=1175","title":{"rendered":"Nog\u00e5ratorpet"},"content":{"rendered":"<h5>Under Elleb\u00f6ke 1:25<\/h5>\n<h5><\/h5>\n<h5>1795\u20131856<\/h5>\n<h5>Sven Larsson f. 25\/4, d\u00f6d 1823, h. Ingjerd M\u00e5nsdotter f. 22\/2 1747,<\/h5>\n<h5>d\u00f6d 12\/10\u00a0 1817\u00a0 d. Anna Svensdotter\u00a0 f. 10\/11\u00a0 1780<\/h5>\n<h5>Flera inhysepersoner under \u00e5ren<\/h5>\n<h5>Sven och hans familj n\u00e4mns fr\u00e5n 1785 \u2013 1800 som boende p\u00e5 torpet,<\/h5>\n<h5>Nybygget Torpet och Nog\u00e5ratorpet<\/h5>\n<h5>Nog\u00e5ratorpet n\u00e4mns i Storskiftet 1794 d\u00e4r det \u00e4ven markerats p\u00e5 kartan.<\/h5>\n<h5>F\u00f6rmodligen samma torp<\/h5>\n<h5>Familjen st\u00e5r sedan mellan 1800 \u2013 1804 skrivna p\u00e5 b\u00e5de Nog\u00e5ratorpet och Kringlestr\u00f6m<\/h5>\n<h5>Nog\u00e5ratorpet n\u00e4mns sedan inte f\u00f6rr\u00e4n 1845.<\/h5>\n<h5><b>\u00a0<\/b><\/h5>\n<h5><b>Nog\u00e5ratorpet<\/b><\/h5>\n<h5><\/h5>\n<h5>1845 \u2013 1847<\/h5>\n<h5>Pehr Pehrsson f. 14\/8\u00a0 1811<\/h5>\n<h5><\/h5>\n<h5>1849 \u2013 1851<\/h5>\n<h5>Pehr Nilsson f. 24\/11\u00a0 1822, h. Anna Olofsdotter f. 1827<\/h5>\n<h5>\u00a0s. Nils\u00a0 f. 23\/4 1850<\/h5>\n<h5><\/h5>\n<h5>1853 \u2013 1856<\/h5>\n<h5>Sven Andersson\u00a0 f. 3\/3\u00a0 1816, h. Johanna Nilsdotter f. 29\/4\u00a0 1814<\/h5>\n<h5>d. Nilla\u00a0 f. 29\/12\u00a0 1848<\/h5>\n","protected":false},"excerpt":{"rendered":"<p>Under Elleb\u00f6ke 1:25 1795\u20131856 Sven Larsson f. 25\/4, d\u00f6d 1823, h. Ingjerd M\u00e5nsdotter f. 22\/2 1747, d\u00f6d 12\/10\u00a0 1817\u00a0 d. Anna Svensdotter\u00a0 f. 10\/11\u00a0 1780 Flera inhysepersoner under \u00e5ren Sven och hans familj n\u00e4mns fr\u00e5n 1785 \u2013 1800 som boende &hellip; <a href=\"https:\/\/hallaryd.se\/?page_id=1175\">Continue reading <span class=\"meta-nav\">&rarr;<\/span><\/a><\/p>\n","protected":false},"author":12,"featured_media":0,"parent":0,"menu_order":0,"comment_status":"closed","ping_status":"closed","template":"","meta":{"footnotes":""},"class_list":["post-1175","page","type-page","status-publish","hentry"],"_links":{"self":[{"href":"https:\/\/hallaryd.se\/index.php?rest_route=\/wp\/v2\/pages\/1175","targetHints":{"allow":["GET"]}}],"collection":[{"href":"https:\/\/hallaryd.se\/index.php?rest_route=\/wp\/v2\/pages"}],"about":[{"href":"https:\/\/hallaryd.se\/index.php?rest_route=\/wp\/v2\/types\/page"}],"author":[{"embeddable":true,"href":"https:\/\/hallaryd.se\/index.php?rest_route=\/wp\/v2\/users\/12"}],"replies":[{"embeddable":true,"href":"https:\/\/hallaryd.se\/index.php?rest_route=%2Fwp%2Fv2%2Fcomments&post=1175"}],"version-history":[{"count":1,"href":"https:\/\/hallaryd.se\/index.php?rest_route=\/wp\/v2\/pages\/1175\/revisions"}],"predecessor-version":[{"id":1176,"href":"https:\/\/hallaryd.se\/index.php?rest_route=\/wp\/v2\/pages\/1175\/revisions\/1176"}],"wp:attachment":[{"href":"https:\/\/hallaryd.se\/index.php?rest_route=%2Fwp%2Fv2%2Fmedia&parent=1175"}],"curies":[{"name":"wp","href":"https:\/\/api.w.org\/{rel}","templated":true}]}}