{"id":1120,"date":"2019-03-31T16:59:51","date_gmt":"2019-03-31T14:59:51","guid":{"rendered":"http:\/\/hallaryd.se\/?page_id=1120"},"modified":"2019-03-31T16:59:51","modified_gmt":"2019-03-31T14:59:51","slug":"hallengrams-torp-hallarum","status":"publish","type":"page","link":"https:\/\/hallaryd.se\/?page_id=1120","title":{"rendered":"Hallengrams torp, Hallarum"},"content":{"rendered":"<h5><\/h5>\n<h5>Under Hallaryd 2:22<\/h5>\n<h5>Bebott:1795 -1962<\/h5>\n<h5><\/h5>\n<h5>Den f\u00f6rste k\u00e4nde inv\u00e5naren p\u00e5 detta torp var sockensmeden Torsten M\u00e5nsson Hallengram f\u00f6dd 1752.<\/h5>\n<h5>Mellan 1795 och 1821 bodde och verkade han h\u00e4r med sin hustru Anna Catharina, f\u00f6dd 1771 och sonen Anders Peter, f\u00f6dd 1797. Torsten hade sin smedja ca 40 m uppstr\u00f6ms \u00e5delningen.<\/h5>\n<h5>\u00c4ven hans son Anders Peter kom att bo h\u00e4r med familj 1837 \u2013 1854.<\/h5>\n<h5>I handlingar fr\u00e5n laga skifte omkring 1855 ben\u00e4mns platsen som Hallengrams Torp<\/h5>\n<h5>Sven Nilsson Blad f.1823 (inflyttad fr\u00e5n \u00d6rkened), bodde h\u00e4r med sin familj mellan 1861 och 1869. Han var anfader till sl\u00e4kten Bladh i Hallaryd.<\/h5>\n<h5>Mer \u00e4n 50 personer har under \u00e5rens lopp varit bosatta h\u00e4r, l\u00e4ngre och kortare tid.<\/h5>\n<h5>Det har varit torpare och deras barn, pigor och dr\u00e4ngar, \u00e4nkor och \u00e4nklingar, inhyse och fattighjon m.fl.<\/h5>\n<h5>Den som bodde h\u00e4r sist och ocks\u00e5 l\u00e4ngst, var Adolf Jonsson f.1890,\u00a0 d. 1974. \u201dAdolf p\u00e5 Hallarum\u201d bodde h\u00e4r fr\u00e5n 1903 till 1962<\/h5>\n<h5><\/h5>\n<h5><\/h5>\n<h5>\u00a0<a href=\"http:\/\/hallaryd.se\/wp-content\/uploads\/2019\/03\/Adolf1.jpg\"><img loading=\"lazy\" decoding=\"async\" class=\"alignnone size-full wp-image-1121\" alt=\"Adolf1\" src=\"http:\/\/hallaryd.se\/wp-content\/uploads\/2019\/03\/Adolf1.jpg\" width=\"384\" height=\"442\" srcset=\"https:\/\/hallaryd.se\/wp-content\/uploads\/2019\/03\/Adolf1.jpg 384w, https:\/\/hallaryd.se\/wp-content\/uploads\/2019\/03\/Adolf1-260x300.jpg 260w\" sizes=\"auto, (max-width: 384px) 100vw, 384px\" \/><\/a><\/h5>\n<h5><a href=\"http:\/\/hallaryd.se\/wp-content\/uploads\/2019\/03\/torp-framsida.jpg\"><img loading=\"lazy\" decoding=\"async\" class=\"alignnone size-large wp-image-1123\" alt=\"torp framsida\" src=\"http:\/\/hallaryd.se\/wp-content\/uploads\/2019\/03\/torp-framsida.jpg\" width=\"582\" height=\"468\" srcset=\"https:\/\/hallaryd.se\/wp-content\/uploads\/2019\/03\/torp-framsida.jpg 582w, https:\/\/hallaryd.se\/wp-content\/uploads\/2019\/03\/torp-framsida-300x241.jpg 300w, https:\/\/hallaryd.se\/wp-content\/uploads\/2019\/03\/torp-framsida-373x300.jpg 373w\" sizes=\"auto, (max-width: 582px) 100vw, 582px\" \/><\/a><\/h5>\n<h5>\u00a0Adolf Jonsson och torpstugan omkring 1958-59<\/h5>\n<h5><\/h5>\n<h5><a href=\"http:\/\/hallaryd.se\/wp-content\/uploads\/2019\/03\/aldolf2.jpg\"><img loading=\"lazy\" decoding=\"async\" class=\"size-large wp-image-1122 alignnone\" alt=\"aldolf2\" src=\"http:\/\/hallaryd.se\/wp-content\/uploads\/2019\/03\/aldolf2-1024x574.jpg\" width=\"584\" height=\"327\" srcset=\"https:\/\/hallaryd.se\/wp-content\/uploads\/2019\/03\/aldolf2-1024x574.jpg 1024w, https:\/\/hallaryd.se\/wp-content\/uploads\/2019\/03\/aldolf2-300x168.jpg 300w, https:\/\/hallaryd.se\/wp-content\/uploads\/2019\/03\/aldolf2-500x280.jpg 500w, https:\/\/hallaryd.se\/wp-content\/uploads\/2019\/03\/aldolf2.jpg 1366w\" sizes=\"auto, (max-width: 584px) 100vw, 584px\" \/><\/a><\/h5>\n<h5><\/h5>\n<h5><\/h5>\n<h5><\/h5>\n<h5><\/h5>\n<h5><\/h5>\n<h5>GPS: N56.481454\u00a0\u00a0 E13.871763<\/h5>\n<h5>K\u00e4lla:<\/h5>\n<h5>Hallaryds kyrkoarkiv, Husf\u00f6rh\u00f6rsl\u00e4ngder, SE\/VALA\/00121\/A I\/16 (1852-1860), sid 6<\/h5>\n<h5>Hallaryds kyrkoarkiv, F\u00f6rsamlingsb\u00f6cker, SE\/VALA\/00121\/A II\/4 (1936-1948), sid 98<\/h5>\n<h5><\/h5>\n","protected":false},"excerpt":{"rendered":"<p>Under Hallaryd 2:22 Bebott:1795 -1962 Den f\u00f6rste k\u00e4nde inv\u00e5naren p\u00e5 detta torp var sockensmeden Torsten M\u00e5nsson Hallengram f\u00f6dd 1752. Mellan 1795 och 1821 bodde och verkade han h\u00e4r med sin hustru Anna Catharina, f\u00f6dd 1771 och sonen Anders Peter, f\u00f6dd &hellip; <a href=\"https:\/\/hallaryd.se\/?page_id=1120\">Continue reading <span class=\"meta-nav\">&rarr;<\/span><\/a><\/p>\n","protected":false},"author":12,"featured_media":0,"parent":0,"menu_order":0,"comment_status":"closed","ping_status":"closed","template":"","meta":{"footnotes":""},"class_list":["post-1120","page","type-page","status-publish","hentry"],"_links":{"self":[{"href":"https:\/\/hallaryd.se\/index.php?rest_route=\/wp\/v2\/pages\/1120","targetHints":{"allow":["GET"]}}],"collection":[{"href":"https:\/\/hallaryd.se\/index.php?rest_route=\/wp\/v2\/pages"}],"about":[{"href":"https:\/\/hallaryd.se\/index.php?rest_route=\/wp\/v2\/types\/page"}],"author":[{"embeddable":true,"href":"https:\/\/hallaryd.se\/index.php?rest_route=\/wp\/v2\/users\/12"}],"replies":[{"embeddable":true,"href":"https:\/\/hallaryd.se\/index.php?rest_route=%2Fwp%2Fv2%2Fcomments&post=1120"}],"version-history":[{"count":1,"href":"https:\/\/hallaryd.se\/index.php?rest_route=\/wp\/v2\/pages\/1120\/revisions"}],"predecessor-version":[{"id":1124,"href":"https:\/\/hallaryd.se\/index.php?rest_route=\/wp\/v2\/pages\/1120\/revisions\/1124"}],"wp:attachment":[{"href":"https:\/\/hallaryd.se\/index.php?rest_route=%2Fwp%2Fv2%2Fmedia&parent=1120"}],"curies":[{"name":"wp","href":"https:\/\/api.w.org\/{rel}","templated":true}]}}