{"id":1116,"date":"2019-03-31T16:42:42","date_gmt":"2019-03-31T14:42:42","guid":{"rendered":"http:\/\/hallaryd.se\/?page_id=1116"},"modified":"2019-03-31T16:42:42","modified_gmt":"2019-03-31T14:42:42","slug":"ahult","status":"publish","type":"page","link":"https:\/\/hallaryd.se\/?page_id=1116","title":{"rendered":"\u00c5hult"},"content":{"rendered":"<h5>Under Elleb\u00f6ke 1:25<\/h5>\n<h5>Bebott: 1843 \u2013 1892<\/h5>\n<h5>Anders Persson\u00a0 f. 17\/3\u00a0 1817,\u00a0\u00a0 d. 26\/11\u00a0 1869<\/h5>\n<h5>h.h. Catharina Nilsdotter\u00a0 f. 26\/7\u00a0 1816,\u00a0 d. 30\/10 1892<\/h5>\n<h5>d. Pernilla\u00a0 f. 3\/1 \u00a01841 (\u00c5berg)<\/h5>\n<h5>s. Nils\u00a0 f. 12\/11\u00a0 1843<\/h5>\n<h5>d. Bengta\u00a0 f. 11\/10\u00a0 1846<\/h5>\n<h5>s. Anders\u00a0 f. 7\/1 \u00a01850 (Lindstrand)<\/h5>\n<h5>d. Christina f 12\/7 1853, d. 13\/7 1854<\/h5>\n<h5>s. Jon f 20\/8 1855<\/h5>\n<h5><\/h5>\n<h5>Anders (f1850) flyttar ut 1876 och blir sedermera soldaten Anders Andersson Lindstrand, soldat f\u00f6r Linnefalla Norreg. Rote nr 40. Antagen 1877, avsked 1901.<\/h5>\n<h5>Han dog 1935. Han skulle bli farfars far till dagens (2018) Anders Lindstrand<\/h5>\n<h5>i Ellefors som idag \u00e4ger marken d\u00e4r torpet en g\u00e5ng l\u00e5g. Inga synliga rester finns kvar av torpet.<\/h5>\n<h5><\/h5>\n<h5>Pernilla Andersdotter ovan f. 3\/1 1841, fick en son u.\u00e4. August\u00a0 f. 11\/8 1862, men gifte sig (1877) med Karl \u00c5berg\u00a0 f. 5\/5\u00a0 1852.<\/h5>\n<h5>De bodde som inhyse p\u00e5 torpet fr\u00e5n 1877, men flyttade senare till torpet Rosenlund i Elleb\u00f6ke.<\/h5>\n<h5><\/h5>\n<h5>Catharina Nilsdotter \u00e4r kvar p\u00e5 torpet till sin d\u00f6d 1892<\/h5>\n<h5>Flera personer s.k. \u201dInhyse\u201d har ocks\u00e5 bott p\u00e5 torpet.<\/h5>\n<h5><\/h5>\n<h5>GPS: N56.497127,\u00a0\u00a0 E13.819803<\/h5>\n<h5>K\u00e4llor: Hallaryds kyrkoarkiv, A I\/15 (1849-1851), sid 137<\/h5>\n<h5>\u00a0\u00a0\u00a0 A I\/16 (1852-1860), 146\u00a0\u00a0 A I\/20 (1881-1885), sid116<\/h5>\n","protected":false},"excerpt":{"rendered":"<p>Under Elleb\u00f6ke 1:25 Bebott: 1843 \u2013 1892 Anders Persson\u00a0 f. 17\/3\u00a0 1817,\u00a0\u00a0 d. 26\/11\u00a0 1869 h.h. Catharina Nilsdotter\u00a0 f. 26\/7\u00a0 1816,\u00a0 d. 30\/10 1892 d. Pernilla\u00a0 f. 3\/1 \u00a01841 (\u00c5berg) s. Nils\u00a0 f. 12\/11\u00a0 1843 d. Bengta\u00a0 f. 11\/10\u00a0 1846 &hellip; <a href=\"https:\/\/hallaryd.se\/?page_id=1116\">Continue reading <span class=\"meta-nav\">&rarr;<\/span><\/a><\/p>\n","protected":false},"author":12,"featured_media":0,"parent":0,"menu_order":0,"comment_status":"closed","ping_status":"closed","template":"","meta":{"footnotes":""},"class_list":["post-1116","page","type-page","status-publish","hentry"],"_links":{"self":[{"href":"https:\/\/hallaryd.se\/index.php?rest_route=\/wp\/v2\/pages\/1116","targetHints":{"allow":["GET"]}}],"collection":[{"href":"https:\/\/hallaryd.se\/index.php?rest_route=\/wp\/v2\/pages"}],"about":[{"href":"https:\/\/hallaryd.se\/index.php?rest_route=\/wp\/v2\/types\/page"}],"author":[{"embeddable":true,"href":"https:\/\/hallaryd.se\/index.php?rest_route=\/wp\/v2\/users\/12"}],"replies":[{"embeddable":true,"href":"https:\/\/hallaryd.se\/index.php?rest_route=%2Fwp%2Fv2%2Fcomments&post=1116"}],"version-history":[{"count":1,"href":"https:\/\/hallaryd.se\/index.php?rest_route=\/wp\/v2\/pages\/1116\/revisions"}],"predecessor-version":[{"id":1117,"href":"https:\/\/hallaryd.se\/index.php?rest_route=\/wp\/v2\/pages\/1116\/revisions\/1117"}],"wp:attachment":[{"href":"https:\/\/hallaryd.se\/index.php?rest_route=%2Fwp%2Fv2%2Fmedia&parent=1116"}],"curies":[{"name":"wp","href":"https:\/\/api.w.org\/{rel}","templated":true}]}}