{"id":1111,"date":"2019-03-31T16:00:01","date_gmt":"2019-03-31T14:00:01","guid":{"rendered":"http:\/\/hallaryd.se\/?page_id=1111"},"modified":"2019-03-31T16:00:30","modified_gmt":"2019-03-31T14:00:30","slug":"kringlestrom","status":"publish","type":"page","link":"https:\/\/hallaryd.se\/?page_id=1111","title":{"rendered":"Kringlestr\u00f6m"},"content":{"rendered":"<p>Under Elleb\u00f6ke 1:25<\/p>\n<h4>Bebott: 1800 \u2013 1854<\/h4>\n<h4><\/h4>\n<h4>1800 \u2013 1823<\/h4>\n<h4>Sven Larsson,\u00a0 f. 25\/1754\u00a0\u00a0 d. 1823<\/h4>\n<h4>h.h. Ingjerd M\u00e5nsdotter,\u00a0 f. 22\/2\u00a0 1747,\u00a0\u00a0\u00a0\u00a0\u00a0 d. 12\/10\u00a0 1817<\/h4>\n<h4>d. Bengta Svensdotter f 27\/12 1778<\/h4>\n<h4>d. Anna Svensdotter\u00a0 f. 10\/11\u00a0 1780<\/h4>\n<h4>Bengta gifte sig med J\u00f6ns J\u00f6nsson f 8\/12 1773 och bodde p\u00e5 torpet och fick minst 4 barn<\/h4>\n<h4>Flera inhysepersoner bodde d\u00e4r under \u00e5ren.<\/h4>\n<h4><\/h4>\n<h4>1825 \u2013 1851<\/h4>\n<h4>Pehr Jonsson\u00a0 f. 28\/10\u00a0 1790<\/h4>\n<h4>h.h Anna Svensdotter \u00a0f. 10\/11\u00a0 1780\u00a0 (fr\u00e5n ovan)<\/h4>\n<h4>d. Kjerstin\u00a0 f. 26\/1\u00a0 1814<\/h4>\n<h4>Pehr d\u00f6r 1845 och Anna flyttar ut 1851<\/h4>\n<h4><\/h4>\n<h4>1851 \u2013 1854<\/h4>\n<h4>Christina Nilsdotter\u00a0 f. 20\/3\u00a0 1816<\/h4>\n<h4>d. Ingjerd\u00a0 f. 28\/2\u00a0 1846\u00a0\u00a0 och d. Sissa\u00a0 f. 21\/5\u00a0 1850<\/h4>\n<h4>De flyttar till Svenstorp i Ulvberga 1854<\/h4>\n<h4>Kringlestr\u00f6m (Kringelstr\u00f6m) fanns f\u00f6rmodligen redan 1785 och ben\u00e4mnt som torpet under Elleb\u00f6ke. Inga synliga rester finns kvar.<\/h4>\n<h4><\/h4>\n<h4>GPS:<\/h4>\n<h4>K\u00e4llor: Hallaryds\/A I\/5 (1800-1805), sid 80, A I\/4 (1785-1802), sid56<\/h4>\n<h4>A I\/6 (1806-1810), sid 116<\/h4>\n<h4><\/h4>\n","protected":false},"excerpt":{"rendered":"<p>Under Elleb\u00f6ke 1:25 Bebott: 1800 \u2013 1854 1800 \u2013 1823 Sven Larsson,\u00a0 f. 25\/1754\u00a0\u00a0 d. 1823 h.h. Ingjerd M\u00e5nsdotter,\u00a0 f. 22\/2\u00a0 1747,\u00a0\u00a0\u00a0\u00a0\u00a0 d. 12\/10\u00a0 1817 d. Bengta Svensdotter f 27\/12 1778 d. Anna Svensdotter\u00a0 f. 10\/11\u00a0 1780 Bengta gifte sig &hellip; <a href=\"https:\/\/hallaryd.se\/?page_id=1111\">Continue reading <span class=\"meta-nav\">&rarr;<\/span><\/a><\/p>\n","protected":false},"author":12,"featured_media":0,"parent":0,"menu_order":0,"comment_status":"closed","ping_status":"closed","template":"","meta":{"footnotes":""},"class_list":["post-1111","page","type-page","status-publish","hentry"],"_links":{"self":[{"href":"https:\/\/hallaryd.se\/index.php?rest_route=\/wp\/v2\/pages\/1111","targetHints":{"allow":["GET"]}}],"collection":[{"href":"https:\/\/hallaryd.se\/index.php?rest_route=\/wp\/v2\/pages"}],"about":[{"href":"https:\/\/hallaryd.se\/index.php?rest_route=\/wp\/v2\/types\/page"}],"author":[{"embeddable":true,"href":"https:\/\/hallaryd.se\/index.php?rest_route=\/wp\/v2\/users\/12"}],"replies":[{"embeddable":true,"href":"https:\/\/hallaryd.se\/index.php?rest_route=%2Fwp%2Fv2%2Fcomments&post=1111"}],"version-history":[{"count":2,"href":"https:\/\/hallaryd.se\/index.php?rest_route=\/wp\/v2\/pages\/1111\/revisions"}],"predecessor-version":[{"id":1113,"href":"https:\/\/hallaryd.se\/index.php?rest_route=\/wp\/v2\/pages\/1111\/revisions\/1113"}],"wp:attachment":[{"href":"https:\/\/hallaryd.se\/index.php?rest_route=%2Fwp%2Fv2%2Fmedia&parent=1111"}],"curies":[{"name":"wp","href":"https:\/\/api.w.org\/{rel}","templated":true}]}}