{"id":1090,"date":"2019-03-31T15:11:41","date_gmt":"2019-03-31T13:11:41","guid":{"rendered":"http:\/\/hallaryd.se\/?page_id=1090"},"modified":"2022-03-18T15:22:25","modified_gmt":"2022-03-18T14:22:25","slug":"29-arbrohult","status":"publish","type":"page","link":"https:\/\/hallaryd.se\/?page_id=1090","title":{"rendered":"29 \u00c5rbohult"},"content":{"rendered":"<p><a href=\"http:\/\/hallaryd.se\/?page_id=1908\">Brunnshult<\/a><\/p>\n<p><a title=\"Carlstad, Halsa-Palla\" href=\"http:\/\/hallaryd.se\/?page_id=1329\">Carlstad<\/a><\/p>\n<p><a href=\"http:\/\/hallaryd.se\/?page_id=1910\">Malene Bengts<\/a><\/p>\n<p><a href=\"http:\/\/hallaryd.se\/?page_id=1912\">Sj\u00f6backen<\/a><\/p>\n<p><a href=\"http:\/\/hallaryd.se\/?page_id=1914\">Sj\u00f6hult<\/a><\/p>\n<p><a title=\"Skomakartorpet\" href=\"http:\/\/hallaryd.se\/?page_id=1332\">Skomakartorpet<\/a><\/p>\n<p><a href=\"http:\/\/hallaryd.se\/?page_id=1916\">Werrens torp<\/a><\/p>\n<p><a title=\"\u00d6rnapallans\" href=\"http:\/\/hallaryd.se\/?page_id=1488\">\u00d6rnapallans<\/a><\/p>\n","protected":false},"excerpt":{"rendered":"<p>Brunnshult Carlstad Malene Bengts Sj\u00f6backen Sj\u00f6hult Skomakartorpet Werrens torp \u00d6rnapallans<\/p>\n","protected":false},"author":12,"featured_media":0,"parent":0,"menu_order":0,"comment_status":"closed","ping_status":"closed","template":"","meta":{"footnotes":""},"class_list":["post-1090","page","type-page","status-publish","hentry"],"_links":{"self":[{"href":"https:\/\/hallaryd.se\/index.php?rest_route=\/wp\/v2\/pages\/1090","targetHints":{"allow":["GET"]}}],"collection":[{"href":"https:\/\/hallaryd.se\/index.php?rest_route=\/wp\/v2\/pages"}],"about":[{"href":"https:\/\/hallaryd.se\/index.php?rest_route=\/wp\/v2\/types\/page"}],"author":[{"embeddable":true,"href":"https:\/\/hallaryd.se\/index.php?rest_route=\/wp\/v2\/users\/12"}],"replies":[{"embeddable":true,"href":"https:\/\/hallaryd.se\/index.php?rest_route=%2Fwp%2Fv2%2Fcomments&post=1090"}],"version-history":[{"count":5,"href":"https:\/\/hallaryd.se\/index.php?rest_route=\/wp\/v2\/pages\/1090\/revisions"}],"predecessor-version":[{"id":1930,"href":"https:\/\/hallaryd.se\/index.php?rest_route=\/wp\/v2\/pages\/1090\/revisions\/1930"}],"wp:attachment":[{"href":"https:\/\/hallaryd.se\/index.php?rest_route=%2Fwp%2Fv2%2Fmedia&parent=1090"}],"curies":[{"name":"wp","href":"https:\/\/api.w.org\/{rel}","templated":true}]}}