{"id":1076,"date":"2019-03-31T15:10:14","date_gmt":"2019-03-31T13:10:14","guid":{"rendered":"http:\/\/hallaryd.se\/?page_id=1076"},"modified":"2022-03-18T07:31:38","modified_gmt":"2022-03-18T06:31:38","slug":"22-skaparyd","status":"publish","type":"page","link":"https:\/\/hallaryd.se\/?page_id=1076","title":{"rendered":"22 Sk\u00e5paryd"},"content":{"rendered":"<p><a title=\"Albertinas, 1\/48 mtl\" href=\"http:\/\/hallaryd.se\/?page_id=1457\">Albertinas<\/a><\/p>\n<p><a style=\"font-style: normal; font-weight: 300; text-decoration-line: underline;\" title=\"B\u00e4ckaholm, Sk\u00e5paryd\" href=\"http:\/\/hallaryd.se\/?page_id=1344\">B\u00e4ckaholm<\/a><\/p>\n<p><a href=\"http:\/\/hallaryd.se\/?page_id=1876\">H\u00f6gasl\u00e4tt<\/a><\/p>\n<p><a style=\"font-style: normal; font-weight: 300; text-decoration-line: underline;\" title=\"Nyhem, Knall-Pallas\" href=\"http:\/\/hallaryd.se\/?page_id=1342\">Nyhem<\/a><\/p>\n<p><a title=\"Sarelund\" href=\"http:\/\/hallaryd.se\/?page_id=1460\">Sarelund<\/a><\/p>\n<p><a href=\"http:\/\/hallaryd.se\/?page_id=1878\">Skogsboda<\/a><\/p>\n<p><a href=\"http:\/\/hallaryd.se\/?page_id=1874\">Soldattorp rote 47<\/a><\/p>\n","protected":false},"excerpt":{"rendered":"<p>Albertinas B\u00e4ckaholm H\u00f6gasl\u00e4tt Nyhem Sarelund Skogsboda Soldattorp rote 47<\/p>\n","protected":false},"author":12,"featured_media":0,"parent":0,"menu_order":0,"comment_status":"closed","ping_status":"closed","template":"","meta":{"footnotes":""},"class_list":["post-1076","page","type-page","status-publish","hentry"],"_links":{"self":[{"href":"https:\/\/hallaryd.se\/index.php?rest_route=\/wp\/v2\/pages\/1076","targetHints":{"allow":["GET"]}}],"collection":[{"href":"https:\/\/hallaryd.se\/index.php?rest_route=\/wp\/v2\/pages"}],"about":[{"href":"https:\/\/hallaryd.se\/index.php?rest_route=\/wp\/v2\/types\/page"}],"author":[{"embeddable":true,"href":"https:\/\/hallaryd.se\/index.php?rest_route=\/wp\/v2\/users\/12"}],"replies":[{"embeddable":true,"href":"https:\/\/hallaryd.se\/index.php?rest_route=%2Fwp%2Fv2%2Fcomments&post=1076"}],"version-history":[{"count":7,"href":"https:\/\/hallaryd.se\/index.php?rest_route=\/wp\/v2\/pages\/1076\/revisions"}],"predecessor-version":[{"id":1923,"href":"https:\/\/hallaryd.se\/index.php?rest_route=\/wp\/v2\/pages\/1076\/revisions\/1923"}],"wp:attachment":[{"href":"https:\/\/hallaryd.se\/index.php?rest_route=%2Fwp%2Fv2%2Fmedia&parent=1076"}],"curies":[{"name":"wp","href":"https:\/\/api.w.org\/{rel}","templated":true}]}}