{"id":1070,"date":"2019-03-31T15:05:07","date_gmt":"2019-03-31T13:05:07","guid":{"rendered":"http:\/\/hallaryd.se\/?page_id=1070"},"modified":"2022-02-26T12:39:44","modified_gmt":"2022-02-26T11:39:44","slug":"19-lindas","status":"publish","type":"page","link":"https:\/\/hallaryd.se\/?page_id=1070","title":{"rendered":"19 Lind\u00e5s"},"content":{"rendered":"\n<p><a href=\"http:\/\/hallaryd.se\/?page_id=1664\">Berget<\/a><\/p>\n\n\n\n<p><a href=\"http:\/\/hallaryd.se\/?page_id=1833\">Gietaboda<\/a><\/p>\n\n\n\n<p><a href=\"http:\/\/hallaryd.se\/?page_id=1836\">Gr\u00f6nadal<\/a><\/p>\n\n\n\n<p><a href=\"http:\/\/hallaryd.se\/?page_id=1840\">G\u00f6lab\u00e4ck\/Linnefors<\/a><\/p>\n\n\n\n<p><a href=\"http:\/\/hallaryd.se\/?page_id=1844\">G\u00f6lastr\u00f6m\/Linnefors<\/a><\/p>\n\n\n\n<p><a href=\"http:\/\/hallaryd.se\/?page_id=1662\">Sj\u00f6boda<\/a><\/p>\n\n\n\n<p><a href=\"http:\/\/hallaryd.se\/?page_id=1850\">Svenstorp<\/a><\/p>\n\n\n\n<p><a href=\"http:\/\/hallaryd.se\/?page_id=1847\">Torsh\u00e4lla<\/a><\/p>\n","protected":false},"excerpt":{"rendered":"<p>Berget Gietaboda Gr\u00f6nadal G\u00f6lab\u00e4ck\/Linnefors G\u00f6lastr\u00f6m\/Linnefors Sj\u00f6boda Svenstorp Torsh\u00e4lla<\/p>\n","protected":false},"author":12,"featured_media":0,"parent":0,"menu_order":0,"comment_status":"closed","ping_status":"closed","template":"","meta":{"footnotes":""},"class_list":["post-1070","page","type-page","status-publish","hentry"],"_links":{"self":[{"href":"https:\/\/hallaryd.se\/index.php?rest_route=\/wp\/v2\/pages\/1070","targetHints":{"allow":["GET"]}}],"collection":[{"href":"https:\/\/hallaryd.se\/index.php?rest_route=\/wp\/v2\/pages"}],"about":[{"href":"https:\/\/hallaryd.se\/index.php?rest_route=\/wp\/v2\/types\/page"}],"author":[{"embeddable":true,"href":"https:\/\/hallaryd.se\/index.php?rest_route=\/wp\/v2\/users\/12"}],"replies":[{"embeddable":true,"href":"https:\/\/hallaryd.se\/index.php?rest_route=%2Fwp%2Fv2%2Fcomments&post=1070"}],"version-history":[{"count":6,"href":"https:\/\/hallaryd.se\/index.php?rest_route=\/wp\/v2\/pages\/1070\/revisions"}],"predecessor-version":[{"id":1852,"href":"https:\/\/hallaryd.se\/index.php?rest_route=\/wp\/v2\/pages\/1070\/revisions\/1852"}],"wp:attachment":[{"href":"https:\/\/hallaryd.se\/index.php?rest_route=%2Fwp%2Fv2%2Fmedia&parent=1070"}],"curies":[{"name":"wp","href":"https:\/\/api.w.org\/{rel}","templated":true}]}}