{"id":1068,"date":"2019-03-31T15:03:16","date_gmt":"2019-03-31T13:03:16","guid":{"rendered":"http:\/\/hallaryd.se\/?page_id=1068"},"modified":"2022-02-26T12:31:04","modified_gmt":"2022-02-26T11:31:04","slug":"18-krakeryd","status":"publish","type":"page","link":"https:\/\/hallaryd.se\/?page_id=1068","title":{"rendered":"18 Kr\u00e5keryd"},"content":{"rendered":"<p><a title=\"Bj\u00f6rkelund\" href=\"http:\/\/hallaryd.se\/?page_id=1321\">Bj\u00f6rkelund<\/a><\/p>\n<p><a title=\"Jonsk\u00f6p\/Gripat\u00e4ppet\" href=\"http:\/\/hallaryd.se\/?page_id=1441\">Jonsk\u00f6p<\/a><\/p>\n<p><a title=\"Myrer\u00e5s\/Gramsat\u00e4ppet\" href=\"http:\/\/hallaryd.se\/?page_id=1443\">Myrer\u00e5s<\/a><\/p>\n<p><a href=\"http:\/\/hallaryd.se\/?page_id=1817\">Nyboda<\/a><\/p>\n<p><a title=\"Pehrstorp\" href=\"http:\/\/hallaryd.se\/?page_id=1323\">Pehrstorp<\/a><\/p>\n<p><a href=\"http:\/\/hallaryd.se\/?page_id=1825\">Skr\u00e4ddaretorpet<\/a><\/p>\n<p><a title=\"Kr\u00e5keryd Soldattorp No38\" href=\"http:\/\/hallaryd.se\/?page_id=1325\">Soldattorpet rote 38 Kr\u00e5keryd<\/a><\/p>\n<p><a href=\"http:\/\/hallaryd.se\/?page_id=1828\">Svenstorp<\/a><\/p>\n<p><a href=\"http:\/\/hallaryd.se\/?page_id=1830\">S\u00f6dratorp<\/a><\/p>\n","protected":false},"excerpt":{"rendered":"<p>Bj\u00f6rkelund Jonsk\u00f6p Myrer\u00e5s Nyboda Pehrstorp Skr\u00e4ddaretorpet Soldattorpet rote 38 Kr\u00e5keryd Svenstorp S\u00f6dratorp<\/p>\n","protected":false},"author":12,"featured_media":0,"parent":0,"menu_order":0,"comment_status":"closed","ping_status":"closed","template":"","meta":{"footnotes":""},"class_list":["post-1068","page","type-page","status-publish","hentry"],"_links":{"self":[{"href":"https:\/\/hallaryd.se\/index.php?rest_route=\/wp\/v2\/pages\/1068","targetHints":{"allow":["GET"]}}],"collection":[{"href":"https:\/\/hallaryd.se\/index.php?rest_route=\/wp\/v2\/pages"}],"about":[{"href":"https:\/\/hallaryd.se\/index.php?rest_route=\/wp\/v2\/types\/page"}],"author":[{"embeddable":true,"href":"https:\/\/hallaryd.se\/index.php?rest_route=\/wp\/v2\/users\/12"}],"replies":[{"embeddable":true,"href":"https:\/\/hallaryd.se\/index.php?rest_route=%2Fwp%2Fv2%2Fcomments&post=1068"}],"version-history":[{"count":7,"href":"https:\/\/hallaryd.se\/index.php?rest_route=\/wp\/v2\/pages\/1068\/revisions"}],"predecessor-version":[{"id":1832,"href":"https:\/\/hallaryd.se\/index.php?rest_route=\/wp\/v2\/pages\/1068\/revisions\/1832"}],"wp:attachment":[{"href":"https:\/\/hallaryd.se\/index.php?rest_route=%2Fwp%2Fv2%2Fmedia&parent=1068"}],"curies":[{"name":"wp","href":"https:\/\/api.w.org\/{rel}","templated":true}]}}