{"id":1051,"date":"2019-03-31T14:58:37","date_gmt":"2019-03-31T12:58:37","guid":{"rendered":"http:\/\/hallaryd.se\/?page_id=1051"},"modified":"2020-09-13T17:12:47","modified_gmt":"2020-09-13T15:12:47","slug":"10-hagdabygd","status":"publish","type":"page","link":"https:\/\/hallaryd.se\/?page_id=1051","title":{"rendered":"10 H\u00e4gdabygd"},"content":{"rendered":"<p><a title=\"H\u00e4ggadal\" href=\"http:\/\/hallaryd.se\/?page_id=1432\">H\u00e4ggadal<\/a><\/p>\n<p><a title=\"H\u00e4ggan\u00e4s\" href=\"http:\/\/hallaryd.se\/?page_id=1434\">H\u00e4ggan\u00e4s<\/a><\/p>\n<p><a href=\"http:\/\/hallaryd.se\/?page_id=1632\">Stens\u00f6<\/a><\/p>\n\n\n<p><\/p>\n","protected":false},"excerpt":{"rendered":"<p>H\u00e4ggadal H\u00e4ggan\u00e4s Stens\u00f6<\/p>\n","protected":false},"author":12,"featured_media":0,"parent":0,"menu_order":0,"comment_status":"closed","ping_status":"closed","template":"","meta":{"footnotes":""},"class_list":["post-1051","page","type-page","status-publish","hentry"],"_links":{"self":[{"href":"https:\/\/hallaryd.se\/index.php?rest_route=\/wp\/v2\/pages\/1051","targetHints":{"allow":["GET"]}}],"collection":[{"href":"https:\/\/hallaryd.se\/index.php?rest_route=\/wp\/v2\/pages"}],"about":[{"href":"https:\/\/hallaryd.se\/index.php?rest_route=\/wp\/v2\/types\/page"}],"author":[{"embeddable":true,"href":"https:\/\/hallaryd.se\/index.php?rest_route=\/wp\/v2\/users\/12"}],"replies":[{"embeddable":true,"href":"https:\/\/hallaryd.se\/index.php?rest_route=%2Fwp%2Fv2%2Fcomments&post=1051"}],"version-history":[{"count":3,"href":"https:\/\/hallaryd.se\/index.php?rest_route=\/wp\/v2\/pages\/1051\/revisions"}],"predecessor-version":[{"id":1635,"href":"https:\/\/hallaryd.se\/index.php?rest_route=\/wp\/v2\/pages\/1051\/revisions\/1635"}],"wp:attachment":[{"href":"https:\/\/hallaryd.se\/index.php?rest_route=%2Fwp%2Fv2%2Fmedia&parent=1051"}],"curies":[{"name":"wp","href":"https:\/\/api.w.org\/{rel}","templated":true}]}}