{"id":1049,"date":"2019-03-31T14:58:22","date_gmt":"2019-03-31T12:58:22","guid":{"rendered":"http:\/\/hallaryd.se\/?page_id=1049"},"modified":"2022-02-26T11:45:35","modified_gmt":"2022-02-26T10:45:35","slug":"9-harhult","status":"publish","type":"page","link":"https:\/\/hallaryd.se\/?page_id=1049","title":{"rendered":"9 H\u00e5rhult"},"content":{"rendered":"<p><a title=\"Bosj\u00f6holm, H\u00e5rhult\" href=\"http:\/\/hallaryd.se\/?page_id=1425\">Bosj\u00f6holm<\/a><\/p>\n<p><a href=\"http:\/\/hallaryd.se\/?page_id=1340\">H\u00f6gan\u00e4s<\/a><\/p>\n<p><a href=\"http:\/\/hallaryd.se\/?page_id=1624\">Kjelleboda<\/a><\/p>\n<p><a title=\"Linneberg, (Stavas)\" href=\"http:\/\/hallaryd.se\/?page_id=1427\">Linneberg<\/a><\/p>\n<p><a href=\"http:\/\/hallaryd.se\/?page_id=1626\">Lomarp<\/a><\/p>\n<p><a href=\"http:\/\/hallaryd.se\/?page_id=1747\">M\u00e5nsatorp\/Aplehult<\/a><\/p>\n<p><a href=\"http:\/\/hallaryd.se\/?page_id=1338\">Rydaholm<\/a><\/p>\n<p><a href=\"http:\/\/hallaryd.se\/?page_id=1750\">Sj\u00f6berget<\/a><\/p>\n<p><a href=\"http:\/\/hallaryd.se\/?page_id=1753\">Sj\u00f6gr\u00e4nd<\/a><\/p>\n<p><a title=\"Smedboholm\" href=\"http:\/\/hallaryd.se\/?page_id=1429\">Smedboholm<\/a><\/p>\n<p><a href=\"http:\/\/hallaryd.se\/?page_id=1756\">Soldattorpet rote 46<\/a><\/p>\n<p><a href=\"http:\/\/hallaryd.se\/?page_id=1629\">Vasatorp<\/a><\/p>\n","protected":false},"excerpt":{"rendered":"<p>Bosj\u00f6holm H\u00f6gan\u00e4s Kjelleboda Linneberg Lomarp M\u00e5nsatorp\/Aplehult Rydaholm Sj\u00f6berget Sj\u00f6gr\u00e4nd Smedboholm Soldattorpet rote 46 Vasatorp<\/p>\n","protected":false},"author":12,"featured_media":0,"parent":0,"menu_order":0,"comment_status":"closed","ping_status":"closed","template":"","meta":{"footnotes":""},"class_list":["post-1049","page","type-page","status-publish","hentry"],"_links":{"self":[{"href":"https:\/\/hallaryd.se\/index.php?rest_route=\/wp\/v2\/pages\/1049","targetHints":{"allow":["GET"]}}],"collection":[{"href":"https:\/\/hallaryd.se\/index.php?rest_route=\/wp\/v2\/pages"}],"about":[{"href":"https:\/\/hallaryd.se\/index.php?rest_route=\/wp\/v2\/types\/page"}],"author":[{"embeddable":true,"href":"https:\/\/hallaryd.se\/index.php?rest_route=\/wp\/v2\/users\/12"}],"replies":[{"embeddable":true,"href":"https:\/\/hallaryd.se\/index.php?rest_route=%2Fwp%2Fv2%2Fcomments&post=1049"}],"version-history":[{"count":9,"href":"https:\/\/hallaryd.se\/index.php?rest_route=\/wp\/v2\/pages\/1049\/revisions"}],"predecessor-version":[{"id":1759,"href":"https:\/\/hallaryd.se\/index.php?rest_route=\/wp\/v2\/pages\/1049\/revisions\/1759"}],"wp:attachment":[{"href":"https:\/\/hallaryd.se\/index.php?rest_route=%2Fwp%2Fv2%2Fmedia&parent=1049"}],"curies":[{"name":"wp","href":"https:\/\/api.w.org\/{rel}","templated":true}]}}