{"id":1047,"date":"2019-03-31T14:58:01","date_gmt":"2019-03-31T12:58:01","guid":{"rendered":"http:\/\/hallaryd.se\/?page_id=1047"},"modified":"2022-02-26T11:30:17","modified_gmt":"2022-02-26T10:30:17","slug":"7-hallaryd","status":"publish","type":"page","link":"https:\/\/hallaryd.se\/?page_id=1047","title":{"rendered":"7 Hallaryd"},"content":{"rendered":"<table border=\"0\" width=\"64\" cellspacing=\"0\" cellpadding=\"0\">\n<colgroup>\n<col width=\"64\" \/> <\/colgroup>\n<tbody>\n<tr>\n<td width=\"64\" height=\"25\"><a title=\"Carlsborg, Hallaryd\" href=\"http:\/\/hallaryd.se\/?page_id=1213\">Carlsborg<\/a><\/td>\n<\/tr>\n<\/tbody>\n<\/table>\n<p><a title=\"Danielsboda, Norr\u00e4ng\" href=\"http:\/\/hallaryd.se\/?page_id=1233\">Danielsboda, Norr\u00e4ng<\/a><\/p>\n<p><a href=\"http:\/\/hallaryd.se\/?page_id=1726\">F\u00e4llan<\/a><\/p>\n<p><a title=\"Hallarum\" href=\"http:\/\/hallaryd.se\/?page_id=1120\">Hallarum<\/a><\/p>\n<p><a title=\"H\u00e4sthagen\" href=\"http:\/\/hallaryd.se\/?page_id=1237\">H\u00e4sthagen<\/a><\/p>\n<p><a title=\"Lugnet\" href=\"http:\/\/hallaryd.se\/?page_id=1217\">Lugnet<\/a><\/p>\n<p><a title=\"Lundbecka-Pelles\" href=\"http:\/\/hallaryd.se\/?page_id=1230\">Lundbeckapelles<\/a><\/p>\n<p><a href=\"http:\/\/hallaryd.se\/?page_id=1731\">Norratorp<\/a><\/p>\n<p><a title=\"Roteminnet Rote 29\" href=\"http:\/\/hallaryd.se\/?page_id=1674\">Roteminnet St Rote 29<\/a><\/p>\n<p><a title=\"Stensborg, Normans torp\" href=\" http:\/\/hallaryd.se\/?page_id=972\">Stensborg, Normans torp<\/a><\/p>\n<p><a title=\"Str\u00f6mshall\" href=\"http:\/\/hallaryd.se\/?page_id=1220\">Str\u00f6mshall<\/a><\/p>\n<p><a title=\"\u00c5bo, Kulla-Nissen\" href=\"http:\/\/hallaryd.se\/?page_id=1224\">\u00c5bo, Kulla-Nissen<\/a><\/p>\n","protected":false},"excerpt":{"rendered":"<p>Carlsborg Danielsboda, Norr\u00e4ng F\u00e4llan Hallarum H\u00e4sthagen Lugnet Lundbeckapelles Norratorp Roteminnet St Rote 29 Stensborg, Normans torp Str\u00f6mshall \u00c5bo, Kulla-Nissen<\/p>\n","protected":false},"author":12,"featured_media":0,"parent":0,"menu_order":0,"comment_status":"closed","ping_status":"closed","template":"","meta":{"footnotes":""},"class_list":["post-1047","page","type-page","status-publish","hentry"],"_links":{"self":[{"href":"https:\/\/hallaryd.se\/index.php?rest_route=\/wp\/v2\/pages\/1047","targetHints":{"allow":["GET"]}}],"collection":[{"href":"https:\/\/hallaryd.se\/index.php?rest_route=\/wp\/v2\/pages"}],"about":[{"href":"https:\/\/hallaryd.se\/index.php?rest_route=\/wp\/v2\/types\/page"}],"author":[{"embeddable":true,"href":"https:\/\/hallaryd.se\/index.php?rest_route=\/wp\/v2\/users\/12"}],"replies":[{"embeddable":true,"href":"https:\/\/hallaryd.se\/index.php?rest_route=%2Fwp%2Fv2%2Fcomments&post=1047"}],"version-history":[{"count":15,"href":"https:\/\/hallaryd.se\/index.php?rest_route=\/wp\/v2\/pages\/1047\/revisions"}],"predecessor-version":[{"id":1734,"href":"https:\/\/hallaryd.se\/index.php?rest_route=\/wp\/v2\/pages\/1047\/revisions\/1734"}],"wp:attachment":[{"href":"https:\/\/hallaryd.se\/index.php?rest_route=%2Fwp%2Fv2%2Fmedia&parent=1047"}],"curies":[{"name":"wp","href":"https:\/\/api.w.org\/{rel}","templated":true}]}}