{"id":1044,"date":"2019-03-31T14:57:37","date_gmt":"2019-03-31T12:57:37","guid":{"rendered":"http:\/\/hallaryd.se\/?page_id=1044"},"modified":"2022-02-26T11:34:32","modified_gmt":"2022-02-26T10:34:32","slug":"7-hallseryd","status":"publish","type":"page","link":"https:\/\/hallaryd.se\/?page_id=1044","title":{"rendered":"8 Hallseryd"},"content":{"rendered":"<h5><a href=\"http:\/\/hallaryd.se\/?page_id=1619\">Gr\u00e4sholmen<\/a><\/h5>\n<h5><a href=\"http:\/\/hallaryd.se\/?page_id=1621\">Hallatorp<\/a><\/h5>\n<h5><a title=\"Hanstorp\" href=\"http:\/\/hallaryd.se\/?page_id=1248\">Hanstorp<\/a><\/h5>\n<h5><a href=\"http:\/\/hallaryd.se\/?page_id=1741\">Ny\u00e4ng<\/a><\/h5>\n<h5><a title=\"Persboda\" href=\"http:\/\/hallaryd.se\/?page_id=1240\">Persboda<\/a><\/h5>\n<p><a href=\"http:\/\/hallaryd.se\/?page_id=1733\"><strong>Soldattorpet rote 36<\/strong><\/a><\/p>\n<h5 style=\"text-align: left;\"><a title=\"Sj\u00f6linatorpet\" href=\"http:\/\/hallaryd.se\/?page_id=1250\">Sj\u00f6linatorpet<\/a><\/h5>\n<h5><a title=\"Snickaretorpet och V\u00e4gla kvarn\" href=\"http:\/\/hallaryd.se\/?page_id=1253\">Snickartorpet och V\u00e4gla kvarn<\/a><\/h5>\n<h5><a href=\"http:\/\/hallaryd.se\/?page_id=1736\">\u00c5maden<\/a><\/h5>\n","protected":false},"excerpt":{"rendered":"<p>Gr\u00e4sholmen Hallatorp Hanstorp Ny\u00e4ng Persboda Soldattorpet rote 36 Sj\u00f6linatorpet Snickartorpet och V\u00e4gla kvarn \u00c5maden<\/p>\n","protected":false},"author":12,"featured_media":0,"parent":0,"menu_order":0,"comment_status":"closed","ping_status":"closed","template":"","meta":{"footnotes":""},"class_list":["post-1044","page","type-page","status-publish","hentry"],"_links":{"self":[{"href":"https:\/\/hallaryd.se\/index.php?rest_route=\/wp\/v2\/pages\/1044","targetHints":{"allow":["GET"]}}],"collection":[{"href":"https:\/\/hallaryd.se\/index.php?rest_route=\/wp\/v2\/pages"}],"about":[{"href":"https:\/\/hallaryd.se\/index.php?rest_route=\/wp\/v2\/types\/page"}],"author":[{"embeddable":true,"href":"https:\/\/hallaryd.se\/index.php?rest_route=\/wp\/v2\/users\/12"}],"replies":[{"embeddable":true,"href":"https:\/\/hallaryd.se\/index.php?rest_route=%2Fwp%2Fv2%2Fcomments&post=1044"}],"version-history":[{"count":15,"href":"https:\/\/hallaryd.se\/index.php?rest_route=\/wp\/v2\/pages\/1044\/revisions"}],"predecessor-version":[{"id":1743,"href":"https:\/\/hallaryd.se\/index.php?rest_route=\/wp\/v2\/pages\/1044\/revisions\/1743"}],"wp:attachment":[{"href":"https:\/\/hallaryd.se\/index.php?rest_route=%2Fwp%2Fv2%2Fmedia&parent=1044"}],"curies":[{"name":"wp","href":"https:\/\/api.w.org\/{rel}","templated":true}]}}