{"id":1036,"date":"2019-03-31T14:55:13","date_gmt":"2019-03-31T12:55:13","guid":{"rendered":"http:\/\/hallaryd.se\/?page_id=1036"},"modified":"2022-02-26T10:54:13","modified_gmt":"2022-02-26T09:54:13","slug":"3-elleboke","status":"publish","type":"page","link":"https:\/\/hallaryd.se\/?page_id=1036","title":{"rendered":"3 Elleb\u00f6ke"},"content":{"rendered":"<table border=\"0\" width=\"64\" cellspacing=\"0\" cellpadding=\"0\">\n<colgroup>\n<col width=\"64\" \/> <\/colgroup>\n<tbody>\n<tr>\n<td width=\"64\" height=\"25\"><a title=\"G\u00f6lesund\" href=\"http:\/\/hallaryd.se\/?page_id=1103\">G\u00f6lesund<\/a><\/td>\n<\/tr>\n<tr>\n<td height=\"25\"><a title=\"Nog\u00e5ratorpet\" href=\"http:\/\/hallaryd.se\/?page_id=1175\">Nog\u00e5ratorpet<\/a><\/td>\n<\/tr>\n<tr>\n<td height=\"25\"><\/td>\n<\/tr>\n<tr>\n<td height=\"25\"><a href=\"http:\/\/hallaryd.se\/?page_id=1591\">Bostorp<\/a><\/td>\n<\/tr>\n<tr>\n<td height=\"25\"><\/td>\n<\/tr>\n<tr>\n<td height=\"25\"><a href=\"http:\/\/hallaryd.se\/?page_id=1703\">R\u00f6nneberga<\/a><\/td>\n<\/tr>\n<tr>\n<td height=\"25\"><a href=\"http:\/\/hallaryd.se\/?page_id=1593\">Qvarnarp<\/a><\/td>\n<\/tr>\n<tr>\n<td height=\"25\"><\/td>\n<\/tr>\n<tr>\n<td height=\"25\"><a title=\"Kringlestr\u00f6m\" href=\"http:\/\/hallaryd.se\/?page_id=1111\">Kringlestr\u00f6m<\/a><\/td>\n<\/tr>\n<tr>\n<td height=\"25\"><\/td>\n<\/tr>\n<tr>\n<td height=\"25\"><a title=\"Rosenlund\" href=\"http:\/\/hallaryd.se\/?page_id=1177\">Rosenlund<\/a><\/td>\n<\/tr>\n<tr>\n<td height=\"25\"><\/td>\n<\/tr>\n<tr>\n<td height=\"25\"><\/td>\n<\/tr>\n<tr>\n<td height=\"25\"><a title=\"\u00c5hult\" href=\"http:\/\/hallaryd.se\/?page_id=1116\">\u00c5hult<\/a><\/td>\n<\/tr>\n<\/tbody>\n<\/table>\n","protected":false},"excerpt":{"rendered":"<p>G\u00f6lesund Nog\u00e5ratorpet Bostorp R\u00f6nneberga Qvarnarp Kringlestr\u00f6m Rosenlund \u00c5hult<\/p>\n","protected":false},"author":12,"featured_media":0,"parent":0,"menu_order":0,"comment_status":"closed","ping_status":"closed","template":"","meta":{"footnotes":""},"class_list":["post-1036","page","type-page","status-publish","hentry"],"_links":{"self":[{"href":"https:\/\/hallaryd.se\/index.php?rest_route=\/wp\/v2\/pages\/1036","targetHints":{"allow":["GET"]}}],"collection":[{"href":"https:\/\/hallaryd.se\/index.php?rest_route=\/wp\/v2\/pages"}],"about":[{"href":"https:\/\/hallaryd.se\/index.php?rest_route=\/wp\/v2\/types\/page"}],"author":[{"embeddable":true,"href":"https:\/\/hallaryd.se\/index.php?rest_route=\/wp\/v2\/users\/12"}],"replies":[{"embeddable":true,"href":"https:\/\/hallaryd.se\/index.php?rest_route=%2Fwp%2Fv2%2Fcomments&post=1036"}],"version-history":[{"count":9,"href":"https:\/\/hallaryd.se\/index.php?rest_route=\/wp\/v2\/pages\/1036\/revisions"}],"predecessor-version":[{"id":1705,"href":"https:\/\/hallaryd.se\/index.php?rest_route=\/wp\/v2\/pages\/1036\/revisions\/1705"}],"wp:attachment":[{"href":"https:\/\/hallaryd.se\/index.php?rest_route=%2Fwp%2Fv2%2Fmedia&parent=1036"}],"curies":[{"name":"wp","href":"https:\/\/api.w.org\/{rel}","templated":true}]}}